{"id":13556,"date":"2024-08-24T21:28:34","date_gmt":"2024-08-25T00:28:34","guid":{"rendered":"https:\/\/www.trilhosdorio.com.br\/aftr_wp\/?page_id=13556"},"modified":"2024-08-24T21:30:25","modified_gmt":"2024-08-25T00:30:25","slug":"oportunidades","status":"publish","type":"page","link":"https:\/\/www.trilhosdorio.com.br\/aftr_wp\/oportunidades\/","title":{"rendered":"Oportunidades"},"content":{"rendered":"<span class=\"rt-reading-time\" style=\"display: block;\"><span class=\"rt-label rt-prefix\">Tempo de leitura: <\/span> <span class=\"rt-time\">&lt; 1<\/span> <span class=\"rt-label rt-postfix\">minuto <\/span><\/span><div class=\"pvc_clear\"><\/div>\n<p id=\"pvc_stats_13556\" class=\"pvc_stats total_only  \" data-element-id=\"13556\" style=\"\"><i class=\"pvc-stats-icon medium\" aria-hidden=\"true\"><svg aria-hidden=\"true\" focusable=\"false\" data-prefix=\"far\" data-icon=\"chart-bar\" role=\"img\" xmlns=\"http:\/\/www.w3.org\/2000\/svg\" viewBox=\"0 0 512 512\" class=\"svg-inline--fa fa-chart-bar fa-w-16 fa-2x\"><path fill=\"currentColor\" d=\"M396.8 352h22.4c6.4 0 12.8-6.4 12.8-12.8V108.8c0-6.4-6.4-12.8-12.8-12.8h-22.4c-6.4 0-12.8 6.4-12.8 12.8v230.4c0 6.4 6.4 12.8 12.8 12.8zm-192 0h22.4c6.4 0 12.8-6.4 12.8-12.8V140.8c0-6.4-6.4-12.8-12.8-12.8h-22.4c-6.4 0-12.8 6.4-12.8 12.8v198.4c0 6.4 6.4 12.8 12.8 12.8zm96 0h22.4c6.4 0 12.8-6.4 12.8-12.8V204.8c0-6.4-6.4-12.8-12.8-12.8h-22.4c-6.4 0-12.8 6.4-12.8 12.8v134.4c0 6.4 6.4 12.8 12.8 12.8zM496 400H48V80c0-8.84-7.16-16-16-16H16C7.16 64 0 71.16 0 80v336c0 17.67 14.33 32 32 32h464c8.84 0 16-7.16 16-16v-16c0-8.84-7.16-16-16-16zm-387.2-48h22.4c6.4 0 12.8-6.4 12.8-12.8v-70.4c0-6.4-6.4-12.8-12.8-12.8h-22.4c-6.4 0-12.8 6.4-12.8 12.8v70.4c0 6.4 6.4 12.8 12.8 12.8z\" class=\"\"><\/path><\/svg><\/i> <img decoding=\"async\" width=\"16\" height=\"16\" alt=\"Loading\" src=\"https:\/\/www.trilhosdorio.com.br\/aftr_wp\/wp-content\/plugins\/page-views-count\/ajax-loader-2x.gif\" border=0 \/><\/p>\n<div class=\"pvc_clear\"><\/div>\n","protected":false},"excerpt":{"rendered":"<div class=\"pvc_clear\"><\/div>\n<p id=\"pvc_stats_13556\" class=\"pvc_stats total_only  \" data-element-id=\"13556\" style=\"\"><i class=\"pvc-stats-icon medium\" aria-hidden=\"true\"><svg aria-hidden=\"true\" focusable=\"false\" data-prefix=\"far\" data-icon=\"chart-bar\" role=\"img\" xmlns=\"http:\/\/www.w3.org\/2000\/svg\" viewBox=\"0 0 512 512\" class=\"svg-inline--fa fa-chart-bar fa-w-16 fa-2x\"><path fill=\"currentColor\" d=\"M396.8 352h22.4c6.4 0 12.8-6.4 12.8-12.8V108.8c0-6.4-6.4-12.8-12.8-12.8h-22.4c-6.4 0-12.8 6.4-12.8 12.8v230.4c0 6.4 6.4 12.8 12.8 12.8zm-192 0h22.4c6.4 0 12.8-6.4 12.8-12.8V140.8c0-6.4-6.4-12.8-12.8-12.8h-22.4c-6.4 0-12.8 6.4-12.8 12.8v198.4c0 6.4 6.4 12.8 12.8 12.8zm96 0h22.4c6.4 0 12.8-6.4 12.8-12.8V204.8c0-6.4-6.4-12.8-12.8-12.8h-22.4c-6.4 0-12.8 6.4-12.8 12.8v134.4c0 6.4 6.4 12.8 12.8 12.8zM496 400H48V80c0-8.84-7.16-16-16-16H16C7.16 64 0 71.16 0 80v336c0 17.67 14.33 32 32 32h464c8.84 0 16-7.16 16-16v-16c0-8.84-7.16-16-16-16zm-387.2-48h22.4c6.4 0 12.8-6.4 12.8-12.8v-70.4c0-6.4-6.4-12.8-12.8-12.8h-22.4c-6.4 0-12.8 6.4-12.8 12.8v70.4c0 6.4 6.4 12.8 12.8 12.8z\" class=\"\"><\/path><\/svg><\/i> <img decoding=\"async\" width=\"16\" height=\"16\" alt=\"Loading\" src=\"https:\/\/www.trilhosdorio.com.br\/aftr_wp\/wp-content\/plugins\/page-views-count\/ajax-loader-2x.gif\" border=0 \/><\/p>\n<div class=\"pvc_clear\"><\/div>\n","protected":false},"author":15,"featured_media":13567,"parent":0,"menu_order":0,"comment_status":"closed","ping_status":"closed","template":"","meta":{"pmpro_default_level":"","footnotes":""},"class_list":["post-13556","page","type-page","status-publish","has-post-thumbnail","hentry","pmpro-has-access"],"yoast_head":"<!-- This site is optimized with the Yoast SEO plugin v23.5 - https:\/\/yoast.com\/wordpress\/plugins\/seo\/ -->\n<title>Oportunidades - Trilhos do Rio<\/title>\n<meta name=\"robots\" content=\"index, follow, max-snippet:-1, max-image-preview:large, max-video-preview:-1\" \/>\n<link rel=\"canonical\" href=\"https:\/\/www.trilhosdorio.com.br\/aftr_wp\/oportunidades\/\" \/>\n<meta property=\"og:locale\" content=\"pt_BR\" \/>\n<meta property=\"og:type\" content=\"article\" \/>\n<meta property=\"og:title\" content=\"Oportunidades - Trilhos do Rio\" \/>\n<meta property=\"og:url\" content=\"https:\/\/www.trilhosdorio.com.br\/aftr_wp\/oportunidades\/\" \/>\n<meta property=\"og:site_name\" content=\"Trilhos do Rio\" \/>\n<meta property=\"article:publisher\" content=\"https:\/\/www.facebook.com\/trilhosdorio\/\" \/>\n<meta property=\"article:modified_time\" content=\"2024-08-25T00:30:25+00:00\" \/>\n<meta property=\"og:image\" content=\"https:\/\/www.trilhosdorio.com.br\/aftr_wp\/wp-content\/uploads\/2024\/08\/benefits1.jpg\" \/>\n\t<meta property=\"og:image:width\" content=\"600\" \/>\n\t<meta property=\"og:image:height\" content=\"305\" \/>\n\t<meta property=\"og:image:type\" content=\"image\/jpeg\" \/>\n<meta name=\"twitter:card\" content=\"summary_large_image\" \/>\n<meta name=\"twitter:site\" content=\"@trilhosdorio\" \/>\n<meta name=\"twitter:label1\" content=\"Est. tempo de leitura\" \/>\n\t<meta name=\"twitter:data1\" content=\"6 minutos\" \/>\n<script type=\"application\/ld+json\" class=\"yoast-schema-graph\">{\"@context\":\"https:\/\/schema.org\",\"@graph\":[{\"@type\":\"WebPage\",\"@id\":\"https:\/\/www.trilhosdorio.com.br\/aftr_wp\/oportunidades\/\",\"url\":\"https:\/\/www.trilhosdorio.com.br\/aftr_wp\/oportunidades\/\",\"name\":\"Oportunidades - Trilhos do Rio\",\"isPartOf\":{\"@id\":\"https:\/\/www.trilhosdorio.com.br\/aftr_wp\/#website\"},\"primaryImageOfPage\":{\"@id\":\"https:\/\/www.trilhosdorio.com.br\/aftr_wp\/oportunidades\/#primaryimage\"},\"image\":{\"@id\":\"https:\/\/www.trilhosdorio.com.br\/aftr_wp\/oportunidades\/#primaryimage\"},\"thumbnailUrl\":\"https:\/\/www.trilhosdorio.com.br\/aftr_wp\/wp-content\/uploads\/2024\/08\/benefits1.jpg\",\"datePublished\":\"2024-08-25T00:28:34+00:00\",\"dateModified\":\"2024-08-25T00:30:25+00:00\",\"breadcrumb\":{\"@id\":\"https:\/\/www.trilhosdorio.com.br\/aftr_wp\/oportunidades\/#breadcrumb\"},\"inLanguage\":\"pt-BR\",\"potentialAction\":[{\"@type\":\"ReadAction\",\"target\":[\"https:\/\/www.trilhosdorio.com.br\/aftr_wp\/oportunidades\/\"]}]},{\"@type\":\"ImageObject\",\"inLanguage\":\"pt-BR\",\"@id\":\"https:\/\/www.trilhosdorio.com.br\/aftr_wp\/oportunidades\/#primaryimage\",\"url\":\"https:\/\/www.trilhosdorio.com.br\/aftr_wp\/wp-content\/uploads\/2024\/08\/benefits1.jpg\",\"contentUrl\":\"https:\/\/www.trilhosdorio.com.br\/aftr_wp\/wp-content\/uploads\/2024\/08\/benefits1.jpg\",\"width\":600,\"height\":305},{\"@type\":\"BreadcrumbList\",\"@id\":\"https:\/\/www.trilhosdorio.com.br\/aftr_wp\/oportunidades\/#breadcrumb\",\"itemListElement\":[{\"@type\":\"ListItem\",\"position\":1,\"name\":\"In\u00edcio\",\"item\":\"https:\/\/www.trilhosdorio.com.br\/aftr_wp\/\"},{\"@type\":\"ListItem\",\"position\":2,\"name\":\"Oportunidades\"}]},{\"@type\":\"WebSite\",\"@id\":\"https:\/\/www.trilhosdorio.com.br\/aftr_wp\/#website\",\"url\":\"https:\/\/www.trilhosdorio.com.br\/aftr_wp\/\",\"name\":\"Trilhos do Rio\",\"description\":\"Passado, presente e futuro: tudo na mesma linha!\",\"publisher\":{\"@id\":\"https:\/\/www.trilhosdorio.com.br\/aftr_wp\/#organization\"},\"potentialAction\":[{\"@type\":\"SearchAction\",\"target\":{\"@type\":\"EntryPoint\",\"urlTemplate\":\"https:\/\/www.trilhosdorio.com.br\/aftr_wp\/?s={search_term_string}\"},\"query-input\":{\"@type\":\"PropertyValueSpecification\",\"valueRequired\":true,\"valueName\":\"search_term_string\"}}],\"inLanguage\":\"pt-BR\"},{\"@type\":\"Organization\",\"@id\":\"https:\/\/www.trilhosdorio.com.br\/aftr_wp\/#organization\",\"name\":\"Associa\u00e7\u00e3o Ferrovi\u00e1ria Trilhos do Rio\",\"url\":\"https:\/\/www.trilhosdorio.com.br\/aftr_wp\/\",\"logo\":{\"@type\":\"ImageObject\",\"inLanguage\":\"pt-BR\",\"@id\":\"https:\/\/www.trilhosdorio.com.br\/aftr_wp\/#\/schema\/logo\/image\/\",\"url\":\"https:\/\/www.trilhosdorio.com.br\/aftr_wp\/wp-content\/uploads\/2020\/03\/logo512x512.png\",\"contentUrl\":\"https:\/\/www.trilhosdorio.com.br\/aftr_wp\/wp-content\/uploads\/2020\/03\/logo512x512.png\",\"width\":512,\"height\":512,\"caption\":\"Associa\u00e7\u00e3o Ferrovi\u00e1ria Trilhos do Rio\"},\"image\":{\"@id\":\"https:\/\/www.trilhosdorio.com.br\/aftr_wp\/#\/schema\/logo\/image\/\"},\"sameAs\":[\"https:\/\/www.facebook.com\/trilhosdorio\/\",\"https:\/\/x.com\/trilhosdorio\",\"https:\/\/www.instagram.com\/trilhosdorio\/\",\"https:\/\/www.linkedin.com\/company\/aftr-associa\u00e7\u00e3o-ferrovi\u00e1ria-trilhos-do-rio\/\",\"https:\/\/br.pinterest.com\/aftrilhosdorio\/\",\"https:\/\/www.youtube.com\/user\/trilhosdorio\"]}]}<\/script>\n<!-- \/ Yoast SEO plugin. -->","yoast_head_json":{"title":"Oportunidades - Trilhos do Rio","robots":{"index":"index","follow":"follow","max-snippet":"max-snippet:-1","max-image-preview":"max-image-preview:large","max-video-preview":"max-video-preview:-1"},"canonical":"https:\/\/www.trilhosdorio.com.br\/aftr_wp\/oportunidades\/","og_locale":"pt_BR","og_type":"article","og_title":"Oportunidades - Trilhos do Rio","og_url":"https:\/\/www.trilhosdorio.com.br\/aftr_wp\/oportunidades\/","og_site_name":"Trilhos do Rio","article_publisher":"https:\/\/www.facebook.com\/trilhosdorio\/","article_modified_time":"2024-08-25T00:30:25+00:00","og_image":[{"width":600,"height":305,"url":"https:\/\/www.trilhosdorio.com.br\/aftr_wp\/wp-content\/uploads\/2024\/08\/benefits1.jpg","type":"image\/jpeg"}],"twitter_card":"summary_large_image","twitter_site":"@trilhosdorio","twitter_misc":{"Est. tempo de leitura":"6 minutos"},"schema":{"@context":"https:\/\/schema.org","@graph":[{"@type":"WebPage","@id":"https:\/\/www.trilhosdorio.com.br\/aftr_wp\/oportunidades\/","url":"https:\/\/www.trilhosdorio.com.br\/aftr_wp\/oportunidades\/","name":"Oportunidades - Trilhos do Rio","isPartOf":{"@id":"https:\/\/www.trilhosdorio.com.br\/aftr_wp\/#website"},"primaryImageOfPage":{"@id":"https:\/\/www.trilhosdorio.com.br\/aftr_wp\/oportunidades\/#primaryimage"},"image":{"@id":"https:\/\/www.trilhosdorio.com.br\/aftr_wp\/oportunidades\/#primaryimage"},"thumbnailUrl":"https:\/\/www.trilhosdorio.com.br\/aftr_wp\/wp-content\/uploads\/2024\/08\/benefits1.jpg","datePublished":"2024-08-25T00:28:34+00:00","dateModified":"2024-08-25T00:30:25+00:00","breadcrumb":{"@id":"https:\/\/www.trilhosdorio.com.br\/aftr_wp\/oportunidades\/#breadcrumb"},"inLanguage":"pt-BR","potentialAction":[{"@type":"ReadAction","target":["https:\/\/www.trilhosdorio.com.br\/aftr_wp\/oportunidades\/"]}]},{"@type":"ImageObject","inLanguage":"pt-BR","@id":"https:\/\/www.trilhosdorio.com.br\/aftr_wp\/oportunidades\/#primaryimage","url":"https:\/\/www.trilhosdorio.com.br\/aftr_wp\/wp-content\/uploads\/2024\/08\/benefits1.jpg","contentUrl":"https:\/\/www.trilhosdorio.com.br\/aftr_wp\/wp-content\/uploads\/2024\/08\/benefits1.jpg","width":600,"height":305},{"@type":"BreadcrumbList","@id":"https:\/\/www.trilhosdorio.com.br\/aftr_wp\/oportunidades\/#breadcrumb","itemListElement":[{"@type":"ListItem","position":1,"name":"In\u00edcio","item":"https:\/\/www.trilhosdorio.com.br\/aftr_wp\/"},{"@type":"ListItem","position":2,"name":"Oportunidades"}]},{"@type":"WebSite","@id":"https:\/\/www.trilhosdorio.com.br\/aftr_wp\/#website","url":"https:\/\/www.trilhosdorio.com.br\/aftr_wp\/","name":"Trilhos do Rio","description":"Passado, presente e futuro: tudo na mesma linha!","publisher":{"@id":"https:\/\/www.trilhosdorio.com.br\/aftr_wp\/#organization"},"potentialAction":[{"@type":"SearchAction","target":{"@type":"EntryPoint","urlTemplate":"https:\/\/www.trilhosdorio.com.br\/aftr_wp\/?s={search_term_string}"},"query-input":{"@type":"PropertyValueSpecification","valueRequired":true,"valueName":"search_term_string"}}],"inLanguage":"pt-BR"},{"@type":"Organization","@id":"https:\/\/www.trilhosdorio.com.br\/aftr_wp\/#organization","name":"Associa\u00e7\u00e3o Ferrovi\u00e1ria Trilhos do Rio","url":"https:\/\/www.trilhosdorio.com.br\/aftr_wp\/","logo":{"@type":"ImageObject","inLanguage":"pt-BR","@id":"https:\/\/www.trilhosdorio.com.br\/aftr_wp\/#\/schema\/logo\/image\/","url":"https:\/\/www.trilhosdorio.com.br\/aftr_wp\/wp-content\/uploads\/2020\/03\/logo512x512.png","contentUrl":"https:\/\/www.trilhosdorio.com.br\/aftr_wp\/wp-content\/uploads\/2020\/03\/logo512x512.png","width":512,"height":512,"caption":"Associa\u00e7\u00e3o Ferrovi\u00e1ria Trilhos do Rio"},"image":{"@id":"https:\/\/www.trilhosdorio.com.br\/aftr_wp\/#\/schema\/logo\/image\/"},"sameAs":["https:\/\/www.facebook.com\/trilhosdorio\/","https:\/\/x.com\/trilhosdorio","https:\/\/www.instagram.com\/trilhosdorio\/","https:\/\/www.linkedin.com\/company\/aftr-associa\u00e7\u00e3o-ferrovi\u00e1ria-trilhos-do-rio\/","https:\/\/br.pinterest.com\/aftrilhosdorio\/","https:\/\/www.youtube.com\/user\/trilhosdorio"]}]}},"_links":{"self":[{"href":"https:\/\/www.trilhosdorio.com.br\/aftr_wp\/wp-json\/wp\/v2\/pages\/13556","targetHints":{"allow":["GET"]}}],"collection":[{"href":"https:\/\/www.trilhosdorio.com.br\/aftr_wp\/wp-json\/wp\/v2\/pages"}],"about":[{"href":"https:\/\/www.trilhosdorio.com.br\/aftr_wp\/wp-json\/wp\/v2\/types\/page"}],"author":[{"embeddable":true,"href":"https:\/\/www.trilhosdorio.com.br\/aftr_wp\/wp-json\/wp\/v2\/users\/15"}],"replies":[{"embeddable":true,"href":"https:\/\/www.trilhosdorio.com.br\/aftr_wp\/wp-json\/wp\/v2\/comments?post=13556"}],"version-history":[{"count":1,"href":"https:\/\/www.trilhosdorio.com.br\/aftr_wp\/wp-json\/wp\/v2\/pages\/13556\/revisions"}],"predecessor-version":[{"id":13566,"href":"https:\/\/www.trilhosdorio.com.br\/aftr_wp\/wp-json\/wp\/v2\/pages\/13556\/revisions\/13566"}],"wp:featuredmedia":[{"embeddable":true,"href":"https:\/\/www.trilhosdorio.com.br\/aftr_wp\/wp-json\/wp\/v2\/media\/13567"}],"wp:attachment":[{"href":"https:\/\/www.trilhosdorio.com.br\/aftr_wp\/wp-json\/wp\/v2\/media?parent=13556"}],"curies":[{"name":"wp","href":"https:\/\/api.w.org\/{rel}","templated":true}]}}