{"id":150,"date":"2020-03-14T15:37:37","date_gmt":"2020-03-14T15:37:37","guid":{"rendered":"https:\/\/www.trilhosdorio.com.br\/aftr_wp\/?page_id=150"},"modified":"2023-01-05T17:37:14","modified_gmt":"2023-01-05T20:37:14","slug":"atividades","status":"publish","type":"page","link":"https:\/\/www.trilhosdorio.com.br\/aftr_wp\/atividades\/","title":{"rendered":"Atividades"},"content":{"rendered":"<span class=\"rt-reading-time\" style=\"display: block;\"><span class=\"rt-label rt-prefix\">Tempo de leitura: <\/span> <span class=\"rt-time\">4<\/span> <span class=\"rt-label rt-postfix\">minutos <\/span><\/span><p><span style=\"font-family: Oswald; font-size: 24pt;\">Vamos nessa ?<\/span><\/p>\n<ul>\n<li style=\"text-align: left;\"><a href=\"https:\/\/www.trilhosdorio.com.br\/aftr_wp\/todas_atividades\/\"><strong><span style=\"font-family: Oswald;\"><span style=\"font-size: 14pt;\"><span style=\"color: #ffcc00;\">VEJA TAMB\u00c9M: Conhe\u00e7a todas as atividades externas realizadas pela AFTR<\/span><\/span><\/span><\/strong><\/a><\/li>\n<\/ul>\n<p><span style=\"font-family: Oswald; font-size: 14pt;\">A Associa\u00e7\u00e3o Ferrovi\u00e1ria Trilhos do Rio realiza diversas atividades nas seguintes tem\u00e1ticas:<\/span><\/p>\n<ul>\n<li><span style=\"font-family: Oswald; font-size: 14pt;\">Ferrovi\u00e1ria<\/span><\/li>\n<li><span style=\"font-family: Oswald; font-size: 14pt;\">Hist\u00f3rica<\/span><\/li>\n<li><span style=\"font-family: Oswald; font-size: 14pt;\">Cultural<\/span><\/li>\n<li><span style=\"font-family: Oswald; font-size: 14pt;\">Social<\/span><\/li>\n<\/ul>\n<p><span style=\"font-family: Oswald; font-size: 14pt;\">Antes mesmo de termos nossa formaliza\u00e7\u00e3o, o grupo de amigos que deu origem \u00e0 institui\u00e7\u00e3o j\u00e1 realizava caminhadas e expedi\u00e7\u00f5es em trechos ferrovi\u00e1rios visando um maior conhecimento e divulga\u00e7\u00e3o da hist\u00f3ria e cultura ferrovi\u00e1ria. Atualmente organizamos diversos eventos, tanto internos em nossa sede, como externos.<\/span><br \/>\n<span style=\"font-family: Oswald; font-size: 14pt;\">Saiba quais s\u00e3o e participe voc\u00ea tamb\u00e9m !<\/span><\/p>\n<p style=\"text-align: center;\"><span style=\"font-family: Oswald; font-size: 14pt; color: #ffcc00;\"><strong>~ EXPEDI\u00c7\u00d5ES ~<\/strong><\/span><\/p>\n<p><span style=\"font-family: Oswald; font-size: 14pt;\"><img decoding=\"async\" class=\"aligncenter wp-image-132\" src=\"https:\/\/www.trilhosdorio.com.br\/aftr_wp\/wp-content\/uploads\/2020\/03\/expedicoes01.png\" alt=\"\" width=\"600\" height=\"300\" \/><\/span><\/p>\n<p style=\"text-align: center;\"><span style=\"font-family: Oswald; font-size: 14pt;\">As tradicionais expedi\u00e7\u00f5es da AFTR s\u00e3o caminhadas em trechos ferrovi\u00e1rios desativados ou abandonados, onde se obt\u00e9m dados hist\u00f3ricos, e informa\u00e7\u00f5es t\u00e9cnicas e estat\u00edsticas, que possibilitem a produ\u00e7\u00e3o de projetos e planos para a reativa\u00e7\u00e3o da linha.<\/span><br \/>\n<span style=\"font-family: Oswald; font-size: 14pt;\">Normalmente \u00e9 necess\u00e1ria alguma experi\u00eancia, preparo f\u00edsico e resist\u00eancia, tanto pela poss\u00edvel dificuldade de caminhada nos eventuais trilhos, dormentes e brita que ainda existam, quanto pela dist\u00e2ncia percorrida (chegando a 16, 18 ou at\u00e9 21kms em um s\u00f3 dia)<\/span><\/p>\n<p style=\"text-align: center;\"><span style=\"font-family: Oswald; font-size: 14pt; color: #ffcc00;\"><strong>~ VISITAS T\u00c9CNICAS ~<\/strong><\/span><\/p>\n<p><span style=\"font-family: Oswald; font-size: 14pt;\"><img decoding=\"async\" class=\"aligncenter wp-image-134\" src=\"https:\/\/www.trilhosdorio.com.br\/aftr_wp\/wp-content\/uploads\/2020\/03\/visitas_tecnicas.png\" alt=\"\" width=\"600\" height=\"300\" \/><\/span><\/p>\n<p style=\"text-align: center;\"><span style=\"font-family: Oswald; font-size: 14pt;\">As visitas t\u00e9cnicas s\u00e3o atividades em trechos onde a ferrovia est\u00e1 com ou sem tr\u00e1fego, desativada ou abandonada. Essas visitas visam a obten\u00e7\u00e3o de dados que possibilitem a produ\u00e7\u00e3o de projetos para a melhoria do funcionamento do trecho, ou para a sua reativa\u00e7\u00e3o de uma melhor maneira.<\/span><br \/>\n<span style=\"font-family: Oswald; font-size: 14pt;\">Essa atividade n\u00e3o \u00e9 indicada para pessoas com pouca resist\u00eancia, devido ao ambiente in\u00f3spito (muitas vezes em campo aberto, com poucas sombras e sol forte dependendo da ocasi\u00e3o) e ao eventual tr\u00e1fego ferrovi\u00e1rio, em caso de trecho funcional.<\/span><\/p>\n<p style=\"text-align: center;\"><span style=\"font-size: 14pt; font-family: Oswald; color: #ffcc00;\"><strong>~ CAMINHADAS ~<\/strong><\/span><\/p>\n<p><span style=\"font-family: Oswald; font-size: 14pt;\"><img decoding=\"async\" class=\"aligncenter wp-image-130\" src=\"https:\/\/www.trilhosdorio.com.br\/aftr_wp\/wp-content\/uploads\/2020\/03\/caminhadas.png\" alt=\"\" width=\"600\" height=\"300\" \/><\/span><\/p>\n<p style=\"text-align: center;\"><span style=\"font-family: Oswald; font-size: 14pt;\">As caminhadas s\u00e3o normalmente realizadas em trechos erradicados e com algum atrativo al\u00e9m da ferrovia: belezas naturais como praia, rios, piscinas naturais ou cachoeiras s\u00e3o alguns dos exemplos. Assim, o participante pode saber mais sobre a ferrovia que passava no trecho, e aproveitar o dia em clima de amizade e companheirismo, curtindo atra\u00e7\u00f5es dispon\u00edveis durante a caminhada. Mesmo assim, pode ser necess\u00e1rio algum esfor\u00e7o dependendo do relevo e da dist\u00e2ncia percorrida, conv\u00e9m informar-se com anteced\u00eancia.<\/span><\/p>\n<p style=\"text-align: center;\"><span style=\"font-family: Oswald; font-size: 14pt; color: #ffcc00;\"><strong>~ EXCURS\u00d5ES ~<\/strong><\/span><\/p>\n<p><span style=\"font-family: Oswald; font-size: 14pt;\"><img decoding=\"async\" class=\"aligncenter wp-image-131\" src=\"https:\/\/www.trilhosdorio.com.br\/aftr_wp\/wp-content\/uploads\/2020\/03\/excursao.png\" alt=\"\" width=\"600\" height=\"300\" \/><\/span><\/p>\n<p style=\"text-align: center;\"><span style=\"font-family: Oswald; font-size: 14pt;\">As excurs\u00f5es e os encontros s\u00e3o realizados com o intuito de unir os participantes em um ambiente onde a ferrovia \u00e9 o complemento da atividade. Assim, o grupo vai a determinado lugar como uma praia, rio ou cachoeira para passar o dia se divertindo, e pode aproveitar para presenciar a ferrovia pr\u00f3xima ao local.<\/span><br \/>\n<span style=\"font-family: Oswald; font-size: 14pt;\">Nestas atividades tamb\u00e9m se encaixam as visitas a algum local ferrovi\u00e1rio, como um museu ou evento.<\/span><\/p>\n<p style=\"text-align: center;\"><span style=\"color: #ffcc00;\"><strong><span style=\"font-family: Oswald; font-size: 14pt;\">~ OUTRAS ATIVIDADES ~<\/span><\/strong><\/span><\/p>\n<p><img decoding=\"async\" class=\"aligncenter wp-image-133\" src=\"https:\/\/www.trilhosdorio.com.br\/aftr_wp\/wp-content\/uploads\/2020\/03\/outras_atividades.png\" alt=\"\" width=\"600\" height=\"300\" \/><\/p>\n<p style=\"text-align: center;\"><span style=\"font-family: Oswald; font-size: 14pt;\">Manifesta\u00e7\u00f5es, protestos, encontros, presen\u00e7a em reuni\u00f5es e outros eventos de terceiros, grava\u00e7\u00e3o de depoimentos e entrevistas, pesquisas em institui\u00e7\u00f5es arquiv\u00edsticas, bibliotecas ou outros acervos, visitas a personalidades do meio ferrovi\u00e1rio &#8230; v\u00e1rias outras atividades s\u00e3o organizadas e realizadas pela Associa\u00e7\u00e3o Ferrovi\u00e1ria Trilhos do Rio. O que est\u00e1 esperando ?<\/span><\/p>\n<p>&nbsp;<\/p>\n<div class=\"pvc_clear\"><\/div>\n<p id=\"pvc_stats_150\" class=\"pvc_stats total_only  \" data-element-id=\"150\" style=\"\"><i class=\"pvc-stats-icon medium\" aria-hidden=\"true\"><svg aria-hidden=\"true\" focusable=\"false\" data-prefix=\"far\" data-icon=\"chart-bar\" role=\"img\" xmlns=\"http:\/\/www.w3.org\/2000\/svg\" viewBox=\"0 0 512 512\" class=\"svg-inline--fa fa-chart-bar fa-w-16 fa-2x\"><path fill=\"currentColor\" d=\"M396.8 352h22.4c6.4 0 12.8-6.4 12.8-12.8V108.8c0-6.4-6.4-12.8-12.8-12.8h-22.4c-6.4 0-12.8 6.4-12.8 12.8v230.4c0 6.4 6.4 12.8 12.8 12.8zm-192 0h22.4c6.4 0 12.8-6.4 12.8-12.8V140.8c0-6.4-6.4-12.8-12.8-12.8h-22.4c-6.4 0-12.8 6.4-12.8 12.8v198.4c0 6.4 6.4 12.8 12.8 12.8zm96 0h22.4c6.4 0 12.8-6.4 12.8-12.8V204.8c0-6.4-6.4-12.8-12.8-12.8h-22.4c-6.4 0-12.8 6.4-12.8 12.8v134.4c0 6.4 6.4 12.8 12.8 12.8zM496 400H48V80c0-8.84-7.16-16-16-16H16C7.16 64 0 71.16 0 80v336c0 17.67 14.33 32 32 32h464c8.84 0 16-7.16 16-16v-16c0-8.84-7.16-16-16-16zm-387.2-48h22.4c6.4 0 12.8-6.4 12.8-12.8v-70.4c0-6.4-6.4-12.8-12.8-12.8h-22.4c-6.4 0-12.8 6.4-12.8 12.8v70.4c0 6.4 6.4 12.8 12.8 12.8z\" class=\"\"><\/path><\/svg><\/i> <img decoding=\"async\" width=\"16\" height=\"16\" alt=\"Loading\" src=\"https:\/\/www.trilhosdorio.com.br\/aftr_wp\/wp-content\/plugins\/page-views-count\/ajax-loader-2x.gif\" border=0 \/><\/p>\n<div class=\"pvc_clear\"><\/div>\n","protected":false},"excerpt":{"rendered":"<p>Vamos nessa ? VEJA TAMB\u00c9M: Conhe\u00e7a todas as atividades externas realizadas pela AFTR A Associa\u00e7\u00e3o Ferrovi\u00e1ria Trilhos do Rio realiza diversas atividades nas seguintes tem\u00e1ticas: Ferrovi\u00e1ria Hist\u00f3rica Cultural Social Antes mesmo de termos nossa formaliza\u00e7\u00e3o, o grupo de amigos que deu origem \u00e0 institui\u00e7\u00e3o j\u00e1 realizava caminhadas e expedi\u00e7\u00f5es em trechos ferrovi\u00e1rios visando um maior [&hellip;]<\/p>\n<div class=\"pvc_clear\"><\/div>\n<p id=\"pvc_stats_150\" class=\"pvc_stats total_only  \" data-element-id=\"150\" style=\"\"><i class=\"pvc-stats-icon medium\" aria-hidden=\"true\"><svg aria-hidden=\"true\" focusable=\"false\" data-prefix=\"far\" data-icon=\"chart-bar\" role=\"img\" xmlns=\"http:\/\/www.w3.org\/2000\/svg\" viewBox=\"0 0 512 512\" class=\"svg-inline--fa fa-chart-bar fa-w-16 fa-2x\"><path fill=\"currentColor\" d=\"M396.8 352h22.4c6.4 0 12.8-6.4 12.8-12.8V108.8c0-6.4-6.4-12.8-12.8-12.8h-22.4c-6.4 0-12.8 6.4-12.8 12.8v230.4c0 6.4 6.4 12.8 12.8 12.8zm-192 0h22.4c6.4 0 12.8-6.4 12.8-12.8V140.8c0-6.4-6.4-12.8-12.8-12.8h-22.4c-6.4 0-12.8 6.4-12.8 12.8v198.4c0 6.4 6.4 12.8 12.8 12.8zm96 0h22.4c6.4 0 12.8-6.4 12.8-12.8V204.8c0-6.4-6.4-12.8-12.8-12.8h-22.4c-6.4 0-12.8 6.4-12.8 12.8v134.4c0 6.4 6.4 12.8 12.8 12.8zM496 400H48V80c0-8.84-7.16-16-16-16H16C7.16 64 0 71.16 0 80v336c0 17.67 14.33 32 32 32h464c8.84 0 16-7.16 16-16v-16c0-8.84-7.16-16-16-16zm-387.2-48h22.4c6.4 0 12.8-6.4 12.8-12.8v-70.4c0-6.4-6.4-12.8-12.8-12.8h-22.4c-6.4 0-12.8 6.4-12.8 12.8v70.4c0 6.4 6.4 12.8 12.8 12.8z\" class=\"\"><\/path><\/svg><\/i> <img decoding=\"async\" width=\"16\" height=\"16\" alt=\"Loading\" src=\"https:\/\/www.trilhosdorio.com.br\/aftr_wp\/wp-content\/plugins\/page-views-count\/ajax-loader-2x.gif\" border=0 \/><\/p>\n<div class=\"pvc_clear\"><\/div>\n","protected":false},"author":1,"featured_media":414,"parent":0,"menu_order":0,"comment_status":"closed","ping_status":"closed","template":"","meta":{"pmpro_default_level":"","footnotes":""},"class_list":["post-150","page","type-page","status-publish","has-post-thumbnail","hentry","pmpro-has-access"],"yoast_head":"<!-- This site is optimized with the Yoast SEO plugin v23.5 - https:\/\/yoast.com\/wordpress\/plugins\/seo\/ -->\n<title>Atividades - Trilhos do Rio<\/title>\n<meta name=\"robots\" content=\"index, follow, max-snippet:-1, max-image-preview:large, max-video-preview:-1\" \/>\n<link rel=\"canonical\" href=\"https:\/\/www.trilhosdorio.com.br\/aftr_wp\/atividades\/\" \/>\n<meta property=\"og:locale\" content=\"pt_BR\" \/>\n<meta property=\"og:type\" content=\"article\" \/>\n<meta property=\"og:title\" content=\"Atividades - Trilhos do Rio\" \/>\n<meta property=\"og:description\" content=\"Vamos nessa ? VEJA TAMB\u00c9M: Conhe\u00e7a todas as atividades externas realizadas pela AFTR A Associa\u00e7\u00e3o Ferrovi\u00e1ria Trilhos do Rio realiza diversas atividades nas seguintes tem\u00e1ticas: Ferrovi\u00e1ria Hist\u00f3rica Cultural Social Antes mesmo de termos nossa formaliza\u00e7\u00e3o, o grupo de amigos que deu origem \u00e0 institui\u00e7\u00e3o j\u00e1 realizava caminhadas e expedi\u00e7\u00f5es em trechos ferrovi\u00e1rios visando um maior [&hellip;]\" \/>\n<meta property=\"og:url\" content=\"https:\/\/www.trilhosdorio.com.br\/aftr_wp\/atividades\/\" \/>\n<meta property=\"og:site_name\" content=\"Trilhos do Rio\" \/>\n<meta property=\"article:publisher\" content=\"https:\/\/www.facebook.com\/trilhosdorio\/\" \/>\n<meta property=\"article:modified_time\" content=\"2023-01-05T20:37:14+00:00\" \/>\n<meta property=\"og:image\" content=\"https:\/\/www.trilhosdorio.com.br\/aftr_wp\/wp-content\/uploads\/2020\/03\/11136328766_047c76edd1_o.jpg\" \/>\n\t<meta property=\"og:image:width\" content=\"1600\" \/>\n\t<meta property=\"og:image:height\" content=\"1200\" \/>\n\t<meta property=\"og:image:type\" content=\"image\/jpeg\" \/>\n<meta name=\"twitter:card\" content=\"summary_large_image\" \/>\n<meta name=\"twitter:site\" content=\"@trilhosdorio\" \/>\n<meta name=\"twitter:label1\" content=\"Est. tempo de leitura\" \/>\n\t<meta name=\"twitter:data1\" content=\"3 minutos\" \/>\n<script type=\"application\/ld+json\" class=\"yoast-schema-graph\">{\"@context\":\"https:\/\/schema.org\",\"@graph\":[{\"@type\":\"WebPage\",\"@id\":\"https:\/\/www.trilhosdorio.com.br\/aftr_wp\/atividades\/\",\"url\":\"https:\/\/www.trilhosdorio.com.br\/aftr_wp\/atividades\/\",\"name\":\"Atividades - Trilhos do Rio\",\"isPartOf\":{\"@id\":\"https:\/\/www.trilhosdorio.com.br\/aftr_wp\/#website\"},\"primaryImageOfPage\":{\"@id\":\"https:\/\/www.trilhosdorio.com.br\/aftr_wp\/atividades\/#primaryimage\"},\"image\":{\"@id\":\"https:\/\/www.trilhosdorio.com.br\/aftr_wp\/atividades\/#primaryimage\"},\"thumbnailUrl\":\"https:\/\/www.trilhosdorio.com.br\/aftr_wp\/wp-content\/uploads\/2020\/03\/11136328766_047c76edd1_o.jpg\",\"datePublished\":\"2020-03-14T15:37:37+00:00\",\"dateModified\":\"2023-01-05T20:37:14+00:00\",\"breadcrumb\":{\"@id\":\"https:\/\/www.trilhosdorio.com.br\/aftr_wp\/atividades\/#breadcrumb\"},\"inLanguage\":\"pt-BR\",\"potentialAction\":[{\"@type\":\"ReadAction\",\"target\":[\"https:\/\/www.trilhosdorio.com.br\/aftr_wp\/atividades\/\"]}]},{\"@type\":\"ImageObject\",\"inLanguage\":\"pt-BR\",\"@id\":\"https:\/\/www.trilhosdorio.com.br\/aftr_wp\/atividades\/#primaryimage\",\"url\":\"https:\/\/www.trilhosdorio.com.br\/aftr_wp\/wp-content\/uploads\/2020\/03\/11136328766_047c76edd1_o.jpg\",\"contentUrl\":\"https:\/\/www.trilhosdorio.com.br\/aftr_wp\/wp-content\/uploads\/2020\/03\/11136328766_047c76edd1_o.jpg\",\"width\":1600,\"height\":1200,\"caption\":\"SAMSUNG DIGIMAX A503\"},{\"@type\":\"BreadcrumbList\",\"@id\":\"https:\/\/www.trilhosdorio.com.br\/aftr_wp\/atividades\/#breadcrumb\",\"itemListElement\":[{\"@type\":\"ListItem\",\"position\":1,\"name\":\"In\u00edcio\",\"item\":\"https:\/\/www.trilhosdorio.com.br\/aftr_wp\/\"},{\"@type\":\"ListItem\",\"position\":2,\"name\":\"Atividades\"}]},{\"@type\":\"WebSite\",\"@id\":\"https:\/\/www.trilhosdorio.com.br\/aftr_wp\/#website\",\"url\":\"https:\/\/www.trilhosdorio.com.br\/aftr_wp\/\",\"name\":\"Trilhos do Rio\",\"description\":\"Passado, presente e futuro: tudo na mesma linha!\",\"publisher\":{\"@id\":\"https:\/\/www.trilhosdorio.com.br\/aftr_wp\/#organization\"},\"potentialAction\":[{\"@type\":\"SearchAction\",\"target\":{\"@type\":\"EntryPoint\",\"urlTemplate\":\"https:\/\/www.trilhosdorio.com.br\/aftr_wp\/?s={search_term_string}\"},\"query-input\":{\"@type\":\"PropertyValueSpecification\",\"valueRequired\":true,\"valueName\":\"search_term_string\"}}],\"inLanguage\":\"pt-BR\"},{\"@type\":\"Organization\",\"@id\":\"https:\/\/www.trilhosdorio.com.br\/aftr_wp\/#organization\",\"name\":\"Associa\u00e7\u00e3o Ferrovi\u00e1ria Trilhos do Rio\",\"url\":\"https:\/\/www.trilhosdorio.com.br\/aftr_wp\/\",\"logo\":{\"@type\":\"ImageObject\",\"inLanguage\":\"pt-BR\",\"@id\":\"https:\/\/www.trilhosdorio.com.br\/aftr_wp\/#\/schema\/logo\/image\/\",\"url\":\"https:\/\/www.trilhosdorio.com.br\/aftr_wp\/wp-content\/uploads\/2020\/03\/logo512x512.png\",\"contentUrl\":\"https:\/\/www.trilhosdorio.com.br\/aftr_wp\/wp-content\/uploads\/2020\/03\/logo512x512.png\",\"width\":512,\"height\":512,\"caption\":\"Associa\u00e7\u00e3o Ferrovi\u00e1ria Trilhos do Rio\"},\"image\":{\"@id\":\"https:\/\/www.trilhosdorio.com.br\/aftr_wp\/#\/schema\/logo\/image\/\"},\"sameAs\":[\"https:\/\/www.facebook.com\/trilhosdorio\/\",\"https:\/\/x.com\/trilhosdorio\",\"https:\/\/www.instagram.com\/trilhosdorio\/\",\"https:\/\/www.linkedin.com\/company\/aftr-associa\u00e7\u00e3o-ferrovi\u00e1ria-trilhos-do-rio\/\",\"https:\/\/br.pinterest.com\/aftrilhosdorio\/\",\"https:\/\/www.youtube.com\/user\/trilhosdorio\"]}]}<\/script>\n<!-- \/ Yoast SEO plugin. -->","yoast_head_json":{"title":"Atividades - Trilhos do Rio","robots":{"index":"index","follow":"follow","max-snippet":"max-snippet:-1","max-image-preview":"max-image-preview:large","max-video-preview":"max-video-preview:-1"},"canonical":"https:\/\/www.trilhosdorio.com.br\/aftr_wp\/atividades\/","og_locale":"pt_BR","og_type":"article","og_title":"Atividades - Trilhos do Rio","og_description":"Vamos nessa ? VEJA TAMB\u00c9M: Conhe\u00e7a todas as atividades externas realizadas pela AFTR A Associa\u00e7\u00e3o Ferrovi\u00e1ria Trilhos do Rio realiza diversas atividades nas seguintes tem\u00e1ticas: Ferrovi\u00e1ria Hist\u00f3rica Cultural Social Antes mesmo de termos nossa formaliza\u00e7\u00e3o, o grupo de amigos que deu origem \u00e0 institui\u00e7\u00e3o j\u00e1 realizava caminhadas e expedi\u00e7\u00f5es em trechos ferrovi\u00e1rios visando um maior [&hellip;]","og_url":"https:\/\/www.trilhosdorio.com.br\/aftr_wp\/atividades\/","og_site_name":"Trilhos do Rio","article_publisher":"https:\/\/www.facebook.com\/trilhosdorio\/","article_modified_time":"2023-01-05T20:37:14+00:00","og_image":[{"width":1600,"height":1200,"url":"https:\/\/www.trilhosdorio.com.br\/aftr_wp\/wp-content\/uploads\/2020\/03\/11136328766_047c76edd1_o.jpg","type":"image\/jpeg"}],"twitter_card":"summary_large_image","twitter_site":"@trilhosdorio","twitter_misc":{"Est. tempo de leitura":"3 minutos"},"schema":{"@context":"https:\/\/schema.org","@graph":[{"@type":"WebPage","@id":"https:\/\/www.trilhosdorio.com.br\/aftr_wp\/atividades\/","url":"https:\/\/www.trilhosdorio.com.br\/aftr_wp\/atividades\/","name":"Atividades - Trilhos do Rio","isPartOf":{"@id":"https:\/\/www.trilhosdorio.com.br\/aftr_wp\/#website"},"primaryImageOfPage":{"@id":"https:\/\/www.trilhosdorio.com.br\/aftr_wp\/atividades\/#primaryimage"},"image":{"@id":"https:\/\/www.trilhosdorio.com.br\/aftr_wp\/atividades\/#primaryimage"},"thumbnailUrl":"https:\/\/www.trilhosdorio.com.br\/aftr_wp\/wp-content\/uploads\/2020\/03\/11136328766_047c76edd1_o.jpg","datePublished":"2020-03-14T15:37:37+00:00","dateModified":"2023-01-05T20:37:14+00:00","breadcrumb":{"@id":"https:\/\/www.trilhosdorio.com.br\/aftr_wp\/atividades\/#breadcrumb"},"inLanguage":"pt-BR","potentialAction":[{"@type":"ReadAction","target":["https:\/\/www.trilhosdorio.com.br\/aftr_wp\/atividades\/"]}]},{"@type":"ImageObject","inLanguage":"pt-BR","@id":"https:\/\/www.trilhosdorio.com.br\/aftr_wp\/atividades\/#primaryimage","url":"https:\/\/www.trilhosdorio.com.br\/aftr_wp\/wp-content\/uploads\/2020\/03\/11136328766_047c76edd1_o.jpg","contentUrl":"https:\/\/www.trilhosdorio.com.br\/aftr_wp\/wp-content\/uploads\/2020\/03\/11136328766_047c76edd1_o.jpg","width":1600,"height":1200,"caption":"SAMSUNG DIGIMAX A503"},{"@type":"BreadcrumbList","@id":"https:\/\/www.trilhosdorio.com.br\/aftr_wp\/atividades\/#breadcrumb","itemListElement":[{"@type":"ListItem","position":1,"name":"In\u00edcio","item":"https:\/\/www.trilhosdorio.com.br\/aftr_wp\/"},{"@type":"ListItem","position":2,"name":"Atividades"}]},{"@type":"WebSite","@id":"https:\/\/www.trilhosdorio.com.br\/aftr_wp\/#website","url":"https:\/\/www.trilhosdorio.com.br\/aftr_wp\/","name":"Trilhos do Rio","description":"Passado, presente e futuro: tudo na mesma linha!","publisher":{"@id":"https:\/\/www.trilhosdorio.com.br\/aftr_wp\/#organization"},"potentialAction":[{"@type":"SearchAction","target":{"@type":"EntryPoint","urlTemplate":"https:\/\/www.trilhosdorio.com.br\/aftr_wp\/?s={search_term_string}"},"query-input":{"@type":"PropertyValueSpecification","valueRequired":true,"valueName":"search_term_string"}}],"inLanguage":"pt-BR"},{"@type":"Organization","@id":"https:\/\/www.trilhosdorio.com.br\/aftr_wp\/#organization","name":"Associa\u00e7\u00e3o Ferrovi\u00e1ria Trilhos do Rio","url":"https:\/\/www.trilhosdorio.com.br\/aftr_wp\/","logo":{"@type":"ImageObject","inLanguage":"pt-BR","@id":"https:\/\/www.trilhosdorio.com.br\/aftr_wp\/#\/schema\/logo\/image\/","url":"https:\/\/www.trilhosdorio.com.br\/aftr_wp\/wp-content\/uploads\/2020\/03\/logo512x512.png","contentUrl":"https:\/\/www.trilhosdorio.com.br\/aftr_wp\/wp-content\/uploads\/2020\/03\/logo512x512.png","width":512,"height":512,"caption":"Associa\u00e7\u00e3o Ferrovi\u00e1ria Trilhos do Rio"},"image":{"@id":"https:\/\/www.trilhosdorio.com.br\/aftr_wp\/#\/schema\/logo\/image\/"},"sameAs":["https:\/\/www.facebook.com\/trilhosdorio\/","https:\/\/x.com\/trilhosdorio","https:\/\/www.instagram.com\/trilhosdorio\/","https:\/\/www.linkedin.com\/company\/aftr-associa\u00e7\u00e3o-ferrovi\u00e1ria-trilhos-do-rio\/","https:\/\/br.pinterest.com\/aftrilhosdorio\/","https:\/\/www.youtube.com\/user\/trilhosdorio"]}]}},"_links":{"self":[{"href":"https:\/\/www.trilhosdorio.com.br\/aftr_wp\/wp-json\/wp\/v2\/pages\/150","targetHints":{"allow":["GET"]}}],"collection":[{"href":"https:\/\/www.trilhosdorio.com.br\/aftr_wp\/wp-json\/wp\/v2\/pages"}],"about":[{"href":"https:\/\/www.trilhosdorio.com.br\/aftr_wp\/wp-json\/wp\/v2\/types\/page"}],"author":[{"embeddable":true,"href":"https:\/\/www.trilhosdorio.com.br\/aftr_wp\/wp-json\/wp\/v2\/users\/1"}],"replies":[{"embeddable":true,"href":"https:\/\/www.trilhosdorio.com.br\/aftr_wp\/wp-json\/wp\/v2\/comments?post=150"}],"version-history":[{"count":1,"href":"https:\/\/www.trilhosdorio.com.br\/aftr_wp\/wp-json\/wp\/v2\/pages\/150\/revisions"}],"predecessor-version":[{"id":7698,"href":"https:\/\/www.trilhosdorio.com.br\/aftr_wp\/wp-json\/wp\/v2\/pages\/150\/revisions\/7698"}],"wp:featuredmedia":[{"embeddable":true,"href":"https:\/\/www.trilhosdorio.com.br\/aftr_wp\/wp-json\/wp\/v2\/media\/414"}],"wp:attachment":[{"href":"https:\/\/www.trilhosdorio.com.br\/aftr_wp\/wp-json\/wp\/v2\/media?parent=150"}],"curies":[{"name":"wp","href":"https:\/\/api.w.org\/{rel}","templated":true}]}}