{"id":161,"date":"2020-03-14T16:20:11","date_gmt":"2020-03-14T16:20:11","guid":{"rendered":"https:\/\/www.trilhosdorio.com.br\/aftr_wp\/?page_id=161"},"modified":"2023-01-05T17:37:20","modified_gmt":"2023-01-05T20:37:20","slug":"links","status":"publish","type":"page","link":"https:\/\/www.trilhosdorio.com.br\/aftr_wp\/links\/","title":{"rendered":"Links"},"content":{"rendered":"<span class=\"rt-reading-time\" style=\"display: block;\"><span class=\"rt-label rt-prefix\">Tempo de leitura: <\/span> <span class=\"rt-time\">&lt; 1<\/span> <span class=\"rt-label rt-postfix\">minuto <\/span><\/span><div id=\"pl-161\"  class=\"panel-layout\" ><div id=\"pg-161-0\"  class=\"panel-grid panel-no-style\" ><div id=\"pgc-161-0-0\"  class=\"panel-grid-cell\" ><div id=\"panel-161-0-0-0\" class=\"so-panel widget widget_text panel-first-child\" data-index=\"0\" >\t\t\t<div class=\"textwidget\"><p>Conhe\u00e7a e visite alguns links, sites, blogs e perfis recomendados pelos membros da AFTR<\/p>\n<\/div>\n\t\t<\/div><div id=\"panel-161-0-0-1\" class=\"so-panel widget widget_sow-accordion\" data-index=\"1\" ><div\n\t\t\t\n\t\t\tclass=\"so-widget-sow-accordion so-widget-sow-accordion-default-99be652ed941-161\"\n\t\t\t\n\t\t><h3 class=\"widget-title\">CONCESSION\u00c1RIAS E OPERADORAS<\/h3><div>\n\t<div class=\"sow-accordion\">\n\t\t\t<div class=\"sow-accordion-panel\n\t\t\t\t\t\"\n\t\t\t\tdata-anchor-id=\"no-estado-do-rio-de-janeiro\">\n\t\t\t\t\t<div class=\"sow-accordion-panel-header-container\" role=\"heading\" aria-level=\"2\">\n\t\t\t\t\t<div class=\"sow-accordion-panel-header\" tabindex=\"0\" role=\"button\" id=\"accordion-label-no-estado-do-rio-de-janeiro\" aria-controls=\"accordion-content-no-estado-do-rio-de-janeiro\" aria-expanded=\"false\">\n\t\t\t\t\t\t<div class=\"sow-accordion-title sow-accordion-title-icon-left\">\n\t\t\t\t\t\t\t\t\t\t\t\t\t\tNo estado do Rio de Janeiro\t\t\t\t\t\t\t\t\t\t\t\t\t<\/div>\n\t\t\t\t\t\t<div class=\"sow-accordion-open-close-button\">\n\t\t\t\t\t\t\t<div class=\"sow-accordion-open-button\">\n\t\t\t\t\t\t\t\t<span class=\"sow-icon-ionicons\" data-sow-icon=\"&#xf218;\"\n\t\t \n\t\taria-hidden=\"true\"><\/span>\t\t\t\t\t\t\t<\/div>\n\t\t\t\t\t\t\t<div class=\"sow-accordion-close-button\">\n\t\t\t\t\t\t\t\t<span class=\"sow-icon-ionicons\" data-sow-icon=\"&#xf209;\"\n\t\t \n\t\taria-hidden=\"true\"><\/span>\t\t\t\t\t\t\t<\/div>\n\t\t\t\t\t\t<\/div>\n\t\t\t\t\t<\/div>\n\t\t\t\t<\/div>\n\n\t\t\t<div\n\t\t\t\tclass=\"sow-accordion-panel-content\"\n\t\t\t\trole=\"region\"\n\t\t\t\taria-labelledby=\"accordion-label-no-estado-do-rio-de-janeiro\"\n\t\t\t\tid=\"accordion-content-no-estado-do-rio-de-janeiro\"\n\t\t\t\tstyle=\"display: none;\"\t\t\t>\n\t\t\t\t<div class=\"sow-accordion-panel-border\">\n\t\t\t\t\t<ul>\n<li><span style=\"font-family: Oswald; font-size: 14pt;\"><a href=\"http:\/\/www.supervia.com.br\/\" target=\"_blank\" rel=\"noopener\">SUPERVIA<\/a><\/span><\/li>\n<li><span style=\"font-family: Oswald; font-size: 14pt;\"><a href=\"https:\/\/www.metrorio.com.br\/\" target=\"_blank\" rel=\"noopener\">METR\u00d4 RIO<\/a><\/span><\/li>\n<li><span style=\"font-family: Oswald; font-size: 14pt;\"><a href=\"http:\/\/www.vltrio.com.br\/#\/\" target=\"_blank\" rel=\"noopener\">VLT RIO<\/a><\/span><\/li>\n<li><span style=\"font-family: Oswald; font-size: 14pt;\"><a href=\"https:\/\/www.mrs.com.br\/\" target=\"_blank\" rel=\"noopener\">MRS LOG\u00cdSTICA<\/a><\/span><\/li>\n<li><span style=\"font-family: Oswald; font-size: 14pt;\"><a href=\"http:\/\/www.vli-logistica.com.br\/\" target=\"_blank\" rel=\"noopener\">FCA \/ VLI<\/a><\/span><\/li>\n<li><span style=\"font-family: Oswald; font-size: 14pt;\"><a href=\"http:\/\/www.central.rj.gov.br\/\" target=\"_blank\" rel=\"noopener\">CENTRAL LOG\u00cdSTICA<\/a><\/span><\/li>\n<li><span style=\"font-family: Oswald; font-size: 14pt;\"><a href=\"http:\/\/www.corcovado.com.br\/\" target=\"_blank\" rel=\"noopener\">ESTRADA DE FERRO CORCOVADO<\/a><\/span><\/li>\n<\/ul>\n\t\t\t\t<\/div>\n\t\t\t<\/div>\n\t\t<\/div>\n\t\t<\/div>\n<\/div>\n<\/div><\/div><div id=\"panel-161-0-0-2\" class=\"so-panel widget widget_sow-accordion\" data-index=\"2\" ><div\n\t\t\t\n\t\t\tclass=\"so-widget-sow-accordion so-widget-sow-accordion-default-99be652ed941-161\"\n\t\t\t\n\t\t><div>\n\t<div class=\"sow-accordion\">\n\t\t\t<div class=\"sow-accordion-panel\n\t\t\t\t\t\"\n\t\t\t\tdata-anchor-id=\"em-outros-estados\">\n\t\t\t\t\t<div class=\"sow-accordion-panel-header-container\" role=\"heading\" aria-level=\"2\">\n\t\t\t\t\t<div class=\"sow-accordion-panel-header\" tabindex=\"0\" role=\"button\" id=\"accordion-label-em-outros-estados\" aria-controls=\"accordion-content-em-outros-estados\" aria-expanded=\"false\">\n\t\t\t\t\t\t<div class=\"sow-accordion-title sow-accordion-title-icon-left\">\n\t\t\t\t\t\t\t\t\t\t\t\t\t\tEm outros estados\t\t\t\t\t\t\t\t\t\t\t\t\t<\/div>\n\t\t\t\t\t\t<div class=\"sow-accordion-open-close-button\">\n\t\t\t\t\t\t\t<div class=\"sow-accordion-open-button\">\n\t\t\t\t\t\t\t\t<span class=\"sow-icon-ionicons\" data-sow-icon=\"&#xf218;\"\n\t\t \n\t\taria-hidden=\"true\"><\/span>\t\t\t\t\t\t\t<\/div>\n\t\t\t\t\t\t\t<div class=\"sow-accordion-close-button\">\n\t\t\t\t\t\t\t\t<span class=\"sow-icon-ionicons\" data-sow-icon=\"&#xf209;\"\n\t\t \n\t\taria-hidden=\"true\"><\/span>\t\t\t\t\t\t\t<\/div>\n\t\t\t\t\t\t<\/div>\n\t\t\t\t\t<\/div>\n\t\t\t\t<\/div>\n\n\t\t\t<div\n\t\t\t\tclass=\"sow-accordion-panel-content\"\n\t\t\t\trole=\"region\"\n\t\t\t\taria-labelledby=\"accordion-label-em-outros-estados\"\n\t\t\t\tid=\"accordion-content-em-outros-estados\"\n\t\t\t\tstyle=\"display: none;\"\t\t\t>\n\t\t\t\t<div class=\"sow-accordion-panel-border\">\n\t\t\t\t\t<ul>\n<li><span style=\"font-family: Oswald; font-size: 14pt;\"><a href=\"https:\/\/cbtu.gov.br\/index.php\/pt\/\" target=\"_blank\" rel=\"noopener\">CBTU<\/a><\/span><\/li>\n<li><span style=\"font-family: Oswald; font-size: 14pt;\"><a href=\"https:\/\/cbtu.gov.br\/index.php\/pt\/belo-horizonte\/\" target=\"_blank\" rel=\"noopener\">CBTU BELO HORIZONTE<\/a><\/span><\/li>\n<li><span style=\"font-family: Oswald; font-size: 14pt;\"><a href=\"https:\/\/cbtu.gov.br\/index.php\/pt\/joao-pessoa\/\" target=\"_blank\" rel=\"noopener\">CBTU JO\u00c3O PESSOA<\/a><\/span><\/li>\n<li><span style=\"font-family: Oswald; font-size: 14pt;\"><a href=\"https:\/\/cbtu.gov.br\/index.php\/pt\/maceio\/\" target=\"_blank\" rel=\"noopener\">CBTU MACEI\u00d3<\/a><\/span><\/li>\n<li><span style=\"font-family: Oswald; font-size: 14pt;\"><a href=\"https:\/\/cbtu.gov.br\/index.php\/pt\/natal\/\">CBTU NATAL<\/a><\/span><\/li>\n<li><span style=\"font-family: Oswald; font-size: 14pt;\"><a href=\"https:\/\/cbtu.gov.br\/index.php\/pt\/recife\/\" target=\"_blank\" rel=\"noopener\">CBTU RECIFE<\/a><\/span><\/li>\n<li><span style=\"font-family: Oswald; font-size: 14pt;\"><a href=\"http:\/\/www.cptm.sp.gov.br\/Pages\/Home.aspx\" target=\"_blank\" rel=\"noopener\">CPTM<\/a><\/span><\/li>\n<li><span style=\"font-family: Oswald; font-size: 14pt;\"><a href=\"http:\/\/www.metro.sp.gov.br\/\" target=\"_blank\" rel=\"noopener\">METR\u00d4 DE S\u00c3O PAULO<\/a><\/span><\/li>\n<li><span style=\"font-family: Oswald; font-size: 14pt;\"><a href=\"https:\/\/serraverdeexpress.com.br\/passeios-de-trem\/\" target=\"_blank\" rel=\"noopener\">SERRA VERDE EXPRESS (CURITIBA - MORRETES)<\/a><\/span><\/li>\n<li><span style=\"font-family: Oswald; font-size: 14pt;\"><a href=\"http:\/\/www.trensurb.gov.br\/home.php\" target=\"_blank\" rel=\"noopener\">TRENSURB<\/a><\/span><\/li>\n<li><span style=\"font-family: Oswald; font-size: 14pt;\"><a href=\"http:\/\/www.vale.com\/brasil\/PT\/business\/logistics\/railways\/trem-passageiros\/Paginas\/default.aspx\" target=\"_blank\" rel=\"noopener\">TREM VIT\u00d3RIA - MINAS<\/a><\/span><\/li>\n<li><span style=\"font-family: Oswald; font-size: 14pt;\"><a href=\"http:\/\/www.ccrmetrobahia.com.br\/\" target=\"_blank\" rel=\"noopener\">METR\u00d4 SALVADOR-BA<\/a><\/span><\/li>\n<\/ul>\n\t\t\t\t<\/div>\n\t\t\t<\/div>\n\t\t<\/div>\n\t\t<\/div>\n<\/div>\n<\/div><\/div><div id=\"panel-161-0-0-3\" class=\"so-panel widget widget_sow-accordion\" data-index=\"3\" ><div\n\t\t\t\n\t\t\tclass=\"so-widget-sow-accordion so-widget-sow-accordion-default-99be652ed941-161\"\n\t\t\t\n\t\t><h3 class=\"widget-title\">P\u00c1GINAS<\/h3><div>\n\t<div class=\"sow-accordion\">\n\t\t\t<div class=\"sow-accordion-panel\n\t\t\t\t\t\"\n\t\t\t\tdata-anchor-id=\"sites\">\n\t\t\t\t\t<div class=\"sow-accordion-panel-header-container\" role=\"heading\" aria-level=\"2\">\n\t\t\t\t\t<div class=\"sow-accordion-panel-header\" tabindex=\"0\" role=\"button\" id=\"accordion-label-sites\" aria-controls=\"accordion-content-sites\" aria-expanded=\"false\">\n\t\t\t\t\t\t<div class=\"sow-accordion-title sow-accordion-title-icon-left\">\n\t\t\t\t\t\t\t\t\t\t\t\t\t\tSites\t\t\t\t\t\t\t\t\t\t\t\t\t<\/div>\n\t\t\t\t\t\t<div class=\"sow-accordion-open-close-button\">\n\t\t\t\t\t\t\t<div class=\"sow-accordion-open-button\">\n\t\t\t\t\t\t\t\t<span class=\"sow-icon-ionicons\" data-sow-icon=\"&#xf218;\"\n\t\t \n\t\taria-hidden=\"true\"><\/span>\t\t\t\t\t\t\t<\/div>\n\t\t\t\t\t\t\t<div class=\"sow-accordion-close-button\">\n\t\t\t\t\t\t\t\t<span class=\"sow-icon-ionicons\" data-sow-icon=\"&#xf209;\"\n\t\t \n\t\taria-hidden=\"true\"><\/span>\t\t\t\t\t\t\t<\/div>\n\t\t\t\t\t\t<\/div>\n\t\t\t\t\t<\/div>\n\t\t\t\t<\/div>\n\n\t\t\t<div\n\t\t\t\tclass=\"sow-accordion-panel-content\"\n\t\t\t\trole=\"region\"\n\t\t\t\taria-labelledby=\"accordion-label-sites\"\n\t\t\t\tid=\"accordion-content-sites\"\n\t\t\t\tstyle=\"display: none;\"\t\t\t>\n\t\t\t\t<div class=\"sow-accordion-panel-border\">\n\t\t\t\t\t<ul>\n<li><span style=\"font-family: Oswald; font-size: 14pt;\"><a href=\"http:\/\/www.estacoesferroviarias.com.br\/\" target=\"_blank\" rel=\"noopener\">ESTA\u00c7\u00d5ES FERROVI\u00c1RIAS DO BRASIL<\/a><\/span><\/li>\n<li><span style=\"font-family: Oswald; font-size: 14pt;\"><a href=\"http:\/\/www.turismoouropreto.com\/maria-fumaca\" target=\"_blank\" rel=\"noopener\">TREM OURO PRETO - MARIANA (MG)<\/a><\/span><\/li>\n<li><span style=\"font-family: Oswald; font-size: 14pt;\"><a href=\"http:\/\/www.trilhosdeminas.com.br\/agenda.php\" target=\"_blank\" rel=\"noopener\">TREM TIRADENTES - S\u00c3O JO\u00c3O DEL REY (MG)<\/a><\/span><\/li>\n<li><span style=\"font-family: Oswald; font-size: 14pt;\"><a href=\"https:\/\/abpfsuldeminas.com\/trem-das-aguas\/\" target=\"_blank\" rel=\"noopener\">TREM DAS \u00c1GUAS (S\u00c3O LOUREN\u00c7O - SOLEDADE DE MINAS(MG)<\/a><\/span><\/li>\n<li><span style=\"font-family: Oswald; font-size: 14pt;\"><a href=\"http:\/\/www.mariafumacacampinas.com.br\/\" target=\"_blank\" rel=\"noopener\">TREM CAMPINAS - JAGUARI\u00daNA (SP)<\/a><\/span><\/li>\n<li><span style=\"font-family: Oswald; font-size: 14pt;\"><a href=\"http:\/\/www.cptm.sp.gov.br\/sua-viagem\/ExpressoTuristico\/Pages\/Expresso-Turistico.aspx\" target=\"_blank\" rel=\"noopener\">EXPRESSO TUR\u00cdSTICO (S\u00c3O PAULO - PARANAPIACABA (SP)<\/a><\/span><\/li>\n<\/ul>\n\t\t\t\t<\/div>\n\t\t\t<\/div>\n\t\t<\/div>\n\t\t<\/div>\n<\/div>\n<\/div><\/div><div id=\"panel-161-0-0-4\" class=\"so-panel widget widget_sow-accordion\" data-index=\"4\" ><div\n\t\t\t\n\t\t\tclass=\"so-widget-sow-accordion so-widget-sow-accordion-default-99be652ed941-161\"\n\t\t\t\n\t\t><div>\n\t<div class=\"sow-accordion\">\n\t\t\t<div class=\"sow-accordion-panel\n\t\t\t\t\t\"\n\t\t\t\tdata-anchor-id=\"blogs\">\n\t\t\t\t\t<div class=\"sow-accordion-panel-header-container\" role=\"heading\" aria-level=\"2\">\n\t\t\t\t\t<div class=\"sow-accordion-panel-header\" tabindex=\"0\" role=\"button\" id=\"accordion-label-blogs\" aria-controls=\"accordion-content-blogs\" aria-expanded=\"false\">\n\t\t\t\t\t\t<div class=\"sow-accordion-title sow-accordion-title-icon-left\">\n\t\t\t\t\t\t\t\t\t\t\t\t\t\tBlogs\t\t\t\t\t\t\t\t\t\t\t\t\t<\/div>\n\t\t\t\t\t\t<div class=\"sow-accordion-open-close-button\">\n\t\t\t\t\t\t\t<div class=\"sow-accordion-open-button\">\n\t\t\t\t\t\t\t\t<span class=\"sow-icon-ionicons\" data-sow-icon=\"&#xf218;\"\n\t\t \n\t\taria-hidden=\"true\"><\/span>\t\t\t\t\t\t\t<\/div>\n\t\t\t\t\t\t\t<div class=\"sow-accordion-close-button\">\n\t\t\t\t\t\t\t\t<span class=\"sow-icon-ionicons\" data-sow-icon=\"&#xf209;\"\n\t\t \n\t\taria-hidden=\"true\"><\/span>\t\t\t\t\t\t\t<\/div>\n\t\t\t\t\t\t<\/div>\n\t\t\t\t\t<\/div>\n\t\t\t\t<\/div>\n\n\t\t\t<div\n\t\t\t\tclass=\"sow-accordion-panel-content\"\n\t\t\t\trole=\"region\"\n\t\t\t\taria-labelledby=\"accordion-label-blogs\"\n\t\t\t\tid=\"accordion-content-blogs\"\n\t\t\t\tstyle=\"display: none;\"\t\t\t>\n\t\t\t\t<div class=\"sow-accordion-panel-border\">\n\t\t\t\t\t<ul>\n<li><span style=\"font-family: Oswald; font-size: 14pt;\"><a href=\"http:\/\/blogdogiesbrecht.blogspot.com\/\" target=\"_blank\" rel=\"noopener\">BLOG DO GIESBRECHT<\/a><\/span><\/li>\n<li><span style=\"font-family: Oswald; font-size: 14pt;\"><a href=\"http:\/\/ferroviasdobrasil.blogspot.com\/\" target=\"_blank\" rel=\"noopener\">FERROVIAS DO BRASIL<\/a><\/span><\/li>\n<\/ul>\n\t\t\t\t<\/div>\n\t\t\t<\/div>\n\t\t<\/div>\n\t\t<\/div>\n<\/div>\n<\/div><\/div><div id=\"panel-161-0-0-5\" class=\"so-panel widget widget_sow-accordion panel-last-child\" data-index=\"5\" ><div\n\t\t\t\n\t\t\tclass=\"so-widget-sow-accordion so-widget-sow-accordion-default-99be652ed941-161\"\n\t\t\t\n\t\t><div>\n\t<div class=\"sow-accordion\">\n\t\t\t<div class=\"sow-accordion-panel\n\t\t\t\t\t\"\n\t\t\t\tdata-anchor-id=\"redes-sociais\">\n\t\t\t\t\t<div class=\"sow-accordion-panel-header-container\" role=\"heading\" aria-level=\"2\">\n\t\t\t\t\t<div class=\"sow-accordion-panel-header\" tabindex=\"0\" role=\"button\" id=\"accordion-label-redes-sociais\" aria-controls=\"accordion-content-redes-sociais\" aria-expanded=\"false\">\n\t\t\t\t\t\t<div class=\"sow-accordion-title sow-accordion-title-icon-left\">\n\t\t\t\t\t\t\t\t\t\t\t\t\t\tRedes Sociais\t\t\t\t\t\t\t\t\t\t\t\t\t<\/div>\n\t\t\t\t\t\t<div class=\"sow-accordion-open-close-button\">\n\t\t\t\t\t\t\t<div class=\"sow-accordion-open-button\">\n\t\t\t\t\t\t\t\t<span class=\"sow-icon-ionicons\" data-sow-icon=\"&#xf218;\"\n\t\t \n\t\taria-hidden=\"true\"><\/span>\t\t\t\t\t\t\t<\/div>\n\t\t\t\t\t\t\t<div class=\"sow-accordion-close-button\">\n\t\t\t\t\t\t\t\t<span class=\"sow-icon-ionicons\" data-sow-icon=\"&#xf209;\"\n\t\t \n\t\taria-hidden=\"true\"><\/span>\t\t\t\t\t\t\t<\/div>\n\t\t\t\t\t\t<\/div>\n\t\t\t\t\t<\/div>\n\t\t\t\t<\/div>\n\n\t\t\t<div\n\t\t\t\tclass=\"sow-accordion-panel-content\"\n\t\t\t\trole=\"region\"\n\t\t\t\taria-labelledby=\"accordion-label-redes-sociais\"\n\t\t\t\tid=\"accordion-content-redes-sociais\"\n\t\t\t\tstyle=\"display: none;\"\t\t\t>\n\t\t\t\t<div class=\"sow-accordion-panel-border\">\n\t\t\t\t\t<ul>\n<li><span style=\"font-family: Oswald; font-size: 14pt;\"><a href=\"https:\/\/www.facebook.com\/trilhosdorio\/\" target=\"_blank\" rel=\"noopener\">P\u00c1GINA AFTR NO FACEBOOK<\/a><\/span><\/li>\n<li><span style=\"font-family: Oswald; font-size: 14pt;\"><a href=\"https:\/\/www.facebook.com\/groups\/trilhosdorio\" target=\"_blank\" rel=\"noopener\">GRUPO AFTR NO FACEBOOK<\/a><\/span><\/li>\n<li><span style=\"font-family: Oswald; font-size: 14pt;\"><a href=\"https:\/\/www.youtube.com\/user\/trilhosdorio\" target=\"_blank\" rel=\"noopener\">CANAL AFTR NO YOUTUBE<\/a><\/span><\/li>\n<li><span style=\"font-family: Oswald; font-size: 14pt;\"><a href=\"https:\/\/twitter.com\/trilhosdorio\" target=\"_blank\" rel=\"noopener\">TWITTER AFTR<\/a><\/span><\/li>\n<li><span style=\"font-family: Oswald; font-size: 14pt;\"><a href=\"https:\/\/www.instagram.com\/trilhosdorio\/\" target=\"_blank\" rel=\"noopener\">INSTAGRAM AFTR<\/a><\/span><\/li>\n<\/ul>\n\t\t\t\t<\/div>\n\t\t\t<\/div>\n\t\t<\/div>\n\t\t<\/div>\n<\/div>\n<\/div><\/div><\/div><\/div><\/div>","protected":false},"excerpt":{"rendered":"<p>Conhe\u00e7a e visite alguns links, sites, blogs e perfis recomendados pelos membros da AFTR<\/p>\n<div class=\"pvc_clear\"><\/div>\n<p id=\"pvc_stats_161\" class=\"pvc_stats total_only  \" data-element-id=\"161\" style=\"\"><i class=\"pvc-stats-icon medium\" aria-hidden=\"true\"><svg aria-hidden=\"true\" focusable=\"false\" data-prefix=\"far\" data-icon=\"chart-bar\" role=\"img\" xmlns=\"http:\/\/www.w3.org\/2000\/svg\" viewBox=\"0 0 512 512\" class=\"svg-inline--fa fa-chart-bar fa-w-16 fa-2x\"><path fill=\"currentColor\" d=\"M396.8 352h22.4c6.4 0 12.8-6.4 12.8-12.8V108.8c0-6.4-6.4-12.8-12.8-12.8h-22.4c-6.4 0-12.8 6.4-12.8 12.8v230.4c0 6.4 6.4 12.8 12.8 12.8zm-192 0h22.4c6.4 0 12.8-6.4 12.8-12.8V140.8c0-6.4-6.4-12.8-12.8-12.8h-22.4c-6.4 0-12.8 6.4-12.8 12.8v198.4c0 6.4 6.4 12.8 12.8 12.8zm96 0h22.4c6.4 0 12.8-6.4 12.8-12.8V204.8c0-6.4-6.4-12.8-12.8-12.8h-22.4c-6.4 0-12.8 6.4-12.8 12.8v134.4c0 6.4 6.4 12.8 12.8 12.8zM496 400H48V80c0-8.84-7.16-16-16-16H16C7.16 64 0 71.16 0 80v336c0 17.67 14.33 32 32 32h464c8.84 0 16-7.16 16-16v-16c0-8.84-7.16-16-16-16zm-387.2-48h22.4c6.4 0 12.8-6.4 12.8-12.8v-70.4c0-6.4-6.4-12.8-12.8-12.8h-22.4c-6.4 0-12.8 6.4-12.8 12.8v70.4c0 6.4 6.4 12.8 12.8 12.8z\" class=\"\"><\/path><\/svg><\/i> <img decoding=\"async\" width=\"16\" height=\"16\" alt=\"Loading\" src=\"https:\/\/www.trilhosdorio.com.br\/aftr_wp\/wp-content\/plugins\/page-views-count\/ajax-loader-2x.gif\" border=0 \/><\/p>\n<div class=\"pvc_clear\"><\/div>\n","protected":false},"author":1,"featured_media":0,"parent":0,"menu_order":0,"comment_status":"closed","ping_status":"closed","template":"","meta":{"pmpro_default_level":"","footnotes":""},"class_list":["post-161","page","type-page","status-publish","hentry","pmpro-has-access"],"yoast_head":"<!-- This site is optimized with the Yoast SEO plugin v23.5 - https:\/\/yoast.com\/wordpress\/plugins\/seo\/ -->\n<title>Links - Trilhos do Rio<\/title>\n<meta name=\"robots\" content=\"index, follow, max-snippet:-1, max-image-preview:large, max-video-preview:-1\" \/>\n<link rel=\"canonical\" href=\"https:\/\/www.trilhosdorio.com.br\/aftr_wp\/links\/\" \/>\n<meta property=\"og:locale\" content=\"pt_BR\" \/>\n<meta property=\"og:type\" content=\"article\" \/>\n<meta property=\"og:title\" content=\"Links - Trilhos do Rio\" \/>\n<meta property=\"og:description\" content=\"Conhe\u00e7a e visite alguns links, sites, blogs e perfis recomendados pelos membros da AFTR\" \/>\n<meta property=\"og:url\" content=\"https:\/\/www.trilhosdorio.com.br\/aftr_wp\/links\/\" \/>\n<meta property=\"og:site_name\" content=\"Trilhos do Rio\" \/>\n<meta property=\"article:publisher\" content=\"https:\/\/www.facebook.com\/trilhosdorio\/\" \/>\n<meta property=\"article:modified_time\" content=\"2023-01-05T20:37:20+00:00\" \/>\n<meta name=\"twitter:card\" content=\"summary_large_image\" \/>\n<meta name=\"twitter:site\" content=\"@trilhosdorio\" \/>\n<script type=\"application\/ld+json\" class=\"yoast-schema-graph\">{\"@context\":\"https:\/\/schema.org\",\"@graph\":[{\"@type\":\"WebPage\",\"@id\":\"https:\/\/www.trilhosdorio.com.br\/aftr_wp\/links\/\",\"url\":\"https:\/\/www.trilhosdorio.com.br\/aftr_wp\/links\/\",\"name\":\"Links - Trilhos do Rio\",\"isPartOf\":{\"@id\":\"https:\/\/www.trilhosdorio.com.br\/aftr_wp\/#website\"},\"datePublished\":\"2020-03-14T16:20:11+00:00\",\"dateModified\":\"2023-01-05T20:37:20+00:00\",\"breadcrumb\":{\"@id\":\"https:\/\/www.trilhosdorio.com.br\/aftr_wp\/links\/#breadcrumb\"},\"inLanguage\":\"pt-BR\",\"potentialAction\":[{\"@type\":\"ReadAction\",\"target\":[\"https:\/\/www.trilhosdorio.com.br\/aftr_wp\/links\/\"]}]},{\"@type\":\"BreadcrumbList\",\"@id\":\"https:\/\/www.trilhosdorio.com.br\/aftr_wp\/links\/#breadcrumb\",\"itemListElement\":[{\"@type\":\"ListItem\",\"position\":1,\"name\":\"In\u00edcio\",\"item\":\"https:\/\/www.trilhosdorio.com.br\/aftr_wp\/\"},{\"@type\":\"ListItem\",\"position\":2,\"name\":\"Links\"}]},{\"@type\":\"WebSite\",\"@id\":\"https:\/\/www.trilhosdorio.com.br\/aftr_wp\/#website\",\"url\":\"https:\/\/www.trilhosdorio.com.br\/aftr_wp\/\",\"name\":\"Trilhos do Rio\",\"description\":\"Passado, presente e futuro: tudo na mesma linha!\",\"publisher\":{\"@id\":\"https:\/\/www.trilhosdorio.com.br\/aftr_wp\/#organization\"},\"potentialAction\":[{\"@type\":\"SearchAction\",\"target\":{\"@type\":\"EntryPoint\",\"urlTemplate\":\"https:\/\/www.trilhosdorio.com.br\/aftr_wp\/?s={search_term_string}\"},\"query-input\":{\"@type\":\"PropertyValueSpecification\",\"valueRequired\":true,\"valueName\":\"search_term_string\"}}],\"inLanguage\":\"pt-BR\"},{\"@type\":\"Organization\",\"@id\":\"https:\/\/www.trilhosdorio.com.br\/aftr_wp\/#organization\",\"name\":\"Associa\u00e7\u00e3o Ferrovi\u00e1ria Trilhos do Rio\",\"url\":\"https:\/\/www.trilhosdorio.com.br\/aftr_wp\/\",\"logo\":{\"@type\":\"ImageObject\",\"inLanguage\":\"pt-BR\",\"@id\":\"https:\/\/www.trilhosdorio.com.br\/aftr_wp\/#\/schema\/logo\/image\/\",\"url\":\"https:\/\/www.trilhosdorio.com.br\/aftr_wp\/wp-content\/uploads\/2020\/03\/logo512x512.png\",\"contentUrl\":\"https:\/\/www.trilhosdorio.com.br\/aftr_wp\/wp-content\/uploads\/2020\/03\/logo512x512.png\",\"width\":512,\"height\":512,\"caption\":\"Associa\u00e7\u00e3o Ferrovi\u00e1ria Trilhos do Rio\"},\"image\":{\"@id\":\"https:\/\/www.trilhosdorio.com.br\/aftr_wp\/#\/schema\/logo\/image\/\"},\"sameAs\":[\"https:\/\/www.facebook.com\/trilhosdorio\/\",\"https:\/\/x.com\/trilhosdorio\",\"https:\/\/www.instagram.com\/trilhosdorio\/\",\"https:\/\/www.linkedin.com\/company\/aftr-associa\u00e7\u00e3o-ferrovi\u00e1ria-trilhos-do-rio\/\",\"https:\/\/br.pinterest.com\/aftrilhosdorio\/\",\"https:\/\/www.youtube.com\/user\/trilhosdorio\"]}]}<\/script>\n<!-- \/ Yoast SEO plugin. -->","yoast_head_json":{"title":"Links - Trilhos do Rio","robots":{"index":"index","follow":"follow","max-snippet":"max-snippet:-1","max-image-preview":"max-image-preview:large","max-video-preview":"max-video-preview:-1"},"canonical":"https:\/\/www.trilhosdorio.com.br\/aftr_wp\/links\/","og_locale":"pt_BR","og_type":"article","og_title":"Links - Trilhos do Rio","og_description":"Conhe\u00e7a e visite alguns links, sites, blogs e perfis recomendados pelos membros da AFTR","og_url":"https:\/\/www.trilhosdorio.com.br\/aftr_wp\/links\/","og_site_name":"Trilhos do Rio","article_publisher":"https:\/\/www.facebook.com\/trilhosdorio\/","article_modified_time":"2023-01-05T20:37:20+00:00","twitter_card":"summary_large_image","twitter_site":"@trilhosdorio","schema":{"@context":"https:\/\/schema.org","@graph":[{"@type":"WebPage","@id":"https:\/\/www.trilhosdorio.com.br\/aftr_wp\/links\/","url":"https:\/\/www.trilhosdorio.com.br\/aftr_wp\/links\/","name":"Links - Trilhos do Rio","isPartOf":{"@id":"https:\/\/www.trilhosdorio.com.br\/aftr_wp\/#website"},"datePublished":"2020-03-14T16:20:11+00:00","dateModified":"2023-01-05T20:37:20+00:00","breadcrumb":{"@id":"https:\/\/www.trilhosdorio.com.br\/aftr_wp\/links\/#breadcrumb"},"inLanguage":"pt-BR","potentialAction":[{"@type":"ReadAction","target":["https:\/\/www.trilhosdorio.com.br\/aftr_wp\/links\/"]}]},{"@type":"BreadcrumbList","@id":"https:\/\/www.trilhosdorio.com.br\/aftr_wp\/links\/#breadcrumb","itemListElement":[{"@type":"ListItem","position":1,"name":"In\u00edcio","item":"https:\/\/www.trilhosdorio.com.br\/aftr_wp\/"},{"@type":"ListItem","position":2,"name":"Links"}]},{"@type":"WebSite","@id":"https:\/\/www.trilhosdorio.com.br\/aftr_wp\/#website","url":"https:\/\/www.trilhosdorio.com.br\/aftr_wp\/","name":"Trilhos do Rio","description":"Passado, presente e futuro: tudo na mesma linha!","publisher":{"@id":"https:\/\/www.trilhosdorio.com.br\/aftr_wp\/#organization"},"potentialAction":[{"@type":"SearchAction","target":{"@type":"EntryPoint","urlTemplate":"https:\/\/www.trilhosdorio.com.br\/aftr_wp\/?s={search_term_string}"},"query-input":{"@type":"PropertyValueSpecification","valueRequired":true,"valueName":"search_term_string"}}],"inLanguage":"pt-BR"},{"@type":"Organization","@id":"https:\/\/www.trilhosdorio.com.br\/aftr_wp\/#organization","name":"Associa\u00e7\u00e3o Ferrovi\u00e1ria Trilhos do Rio","url":"https:\/\/www.trilhosdorio.com.br\/aftr_wp\/","logo":{"@type":"ImageObject","inLanguage":"pt-BR","@id":"https:\/\/www.trilhosdorio.com.br\/aftr_wp\/#\/schema\/logo\/image\/","url":"https:\/\/www.trilhosdorio.com.br\/aftr_wp\/wp-content\/uploads\/2020\/03\/logo512x512.png","contentUrl":"https:\/\/www.trilhosdorio.com.br\/aftr_wp\/wp-content\/uploads\/2020\/03\/logo512x512.png","width":512,"height":512,"caption":"Associa\u00e7\u00e3o Ferrovi\u00e1ria Trilhos do Rio"},"image":{"@id":"https:\/\/www.trilhosdorio.com.br\/aftr_wp\/#\/schema\/logo\/image\/"},"sameAs":["https:\/\/www.facebook.com\/trilhosdorio\/","https:\/\/x.com\/trilhosdorio","https:\/\/www.instagram.com\/trilhosdorio\/","https:\/\/www.linkedin.com\/company\/aftr-associa\u00e7\u00e3o-ferrovi\u00e1ria-trilhos-do-rio\/","https:\/\/br.pinterest.com\/aftrilhosdorio\/","https:\/\/www.youtube.com\/user\/trilhosdorio"]}]}},"_links":{"self":[{"href":"https:\/\/www.trilhosdorio.com.br\/aftr_wp\/wp-json\/wp\/v2\/pages\/161","targetHints":{"allow":["GET"]}}],"collection":[{"href":"https:\/\/www.trilhosdorio.com.br\/aftr_wp\/wp-json\/wp\/v2\/pages"}],"about":[{"href":"https:\/\/www.trilhosdorio.com.br\/aftr_wp\/wp-json\/wp\/v2\/types\/page"}],"author":[{"embeddable":true,"href":"https:\/\/www.trilhosdorio.com.br\/aftr_wp\/wp-json\/wp\/v2\/users\/1"}],"replies":[{"embeddable":true,"href":"https:\/\/www.trilhosdorio.com.br\/aftr_wp\/wp-json\/wp\/v2\/comments?post=161"}],"version-history":[{"count":1,"href":"https:\/\/www.trilhosdorio.com.br\/aftr_wp\/wp-json\/wp\/v2\/pages\/161\/revisions"}],"predecessor-version":[{"id":7702,"href":"https:\/\/www.trilhosdorio.com.br\/aftr_wp\/wp-json\/wp\/v2\/pages\/161\/revisions\/7702"}],"wp:attachment":[{"href":"https:\/\/www.trilhosdorio.com.br\/aftr_wp\/wp-json\/wp\/v2\/media?parent=161"}],"curies":[{"name":"wp","href":"https:\/\/api.w.org\/{rel}","templated":true}]}}