{"id":411,"date":"2020-03-26T10:51:11","date_gmt":"2020-03-26T13:51:11","guid":{"rendered":"https:\/\/www.trilhosdorio.com.br\/aftr_wp\/?page_id=411"},"modified":"2023-09-10T21:20:52","modified_gmt":"2023-09-11T00:20:52","slug":"todas_atividades","status":"publish","type":"page","link":"https:\/\/www.trilhosdorio.com.br\/aftr_wp\/atividades\/todas_atividades\/","title":{"rendered":"Todas as atividades AFTR (2009-2023)"},"content":{"rendered":"<span class=\"rt-reading-time\" style=\"display: block;\"><span class=\"rt-label rt-prefix\">Tempo de leitura: <\/span> <span class=\"rt-time\">3<\/span> <span class=\"rt-label rt-postfix\">minutos <\/span><\/span><p><span style=\"font-family: Oswald; font-size: 14pt;\">Abaixo uma rela\u00e7\u00e3o de todas as atividades externas realizadas pela AFTR desde 2009 at\u00e9 agora, em ordem decrescente de datas:<\/span><\/p>\n<p><span style=\"font-family: Oswald; font-size: 14pt;\"><strong>2022<\/strong><\/span><\/p>\n<ul>\n<li><span style=\"font-family: Oswald; font-size: 14pt;\"><a href=\"https:\/\/www.trilhosdorio.com.br\/aftr_wp\/atividades\/todas_atividades\/1a-expedicao-allen-morrison-de-pesquisa-santa-teresa-alto-da-boa-vista\/\">1\u00aa Expedi\u00e7\u00e3o Allen Morrison de pesquisa sobre Bondes (Santa Teresa &#8211; Alto da Boa Vista)<\/a><\/span><\/li>\n<\/ul>\n<p><span style=\"font-family: Oswald; font-size: 14pt;\"><strong>2021<\/strong><\/span><\/p>\n<ul>\n<li><span style=\"font-size: 14pt;\"><a href=\"https:\/\/www.trilhosdorio.com.br\/aftr_wp\/atividades\/todas_atividades\/rmv-linha-da-barra-conservatoria-x-santa-rita-de-jacutinga-18-04-2021\/\"><span style=\"font-family: Oswald; font-size: 14pt;\">RMV &#8211; Linha da Barra (19 de abril)<\/span><\/a><\/span><\/li>\n<\/ul>\n<p><strong><span style=\"font-family: Oswald; font-size: 14pt;\">2020<\/span><\/strong><\/p>\n<p><strong><span style=\"font-family: Oswald; font-size: 14pt;\">2019<\/span><\/strong><\/p>\n<ul>\n<li><span style=\"font-family: Oswald; font-size: 14pt;\">Arc\u00e1dia x Conrado (01 de setembro)<\/span><\/li>\n<li><span style=\"font-family: Oswald; font-size: 14pt;\">Petr\u00f3polis (14 de julho)<\/span><\/li>\n<li><span style=\"font-family: Oswald; font-size: 14pt;\">Guapimirim x Barreiras (31 de mar\u00e7o)<\/span><\/li>\n<\/ul>\n<p><strong><span style=\"font-family: Oswald; font-size: 14pt;\">2018<\/span><\/strong><\/p>\n<ul>\n<li><span style=\"font-family: Oswald; font-size: 14pt;\">EF Corcovado (13 de outubro)<\/span><\/li>\n<li><span style=\"font-family: Oswald; font-size: 14pt;\">Governador Portela x Arc\u00e1dia (23 de setembro)<\/span><\/li>\n<li><span style=\"font-family: Oswald; font-size: 14pt;\">Palmeira da Serra x Engenheiro Gurgel (01 de julho)<\/span><br \/>\n<span style=\"font-family: Oswald; font-size: 14pt;\">Muriqui x Barra do Sahy (06 de maio)<\/span><\/li>\n<li><span style=\"font-family: Oswald; font-size: 14pt;\">Linha provis\u00f3ria (04 de maio)<\/span><\/li>\n<li><span style=\"font-family: Oswald; font-size: 14pt;\">Engenheiro Gurgel x Ponte Seca (22 de abril)<\/span><\/li>\n<li><span style=\"font-family: Oswald; font-size: 14pt;\">Miguel Pereira (25 de fevereiro)<\/span><\/li>\n<li><span style=\"font-family: Oswald; font-size: 14pt;\">Miguel Pereira (02 de fevereiro)<\/span><\/li>\n<\/ul>\n<p><strong><span style=\"font-family: Oswald; font-size: 14pt;\">2017<\/span><\/strong><\/p>\n<ul>\n<li><span style=\"font-family: Oswald; font-size: 14pt;\">EFOM\/RMV Barra Mansa x L\u00eddice (17 de dezembro)<\/span><\/li>\n<li><a href=\"https:\/\/www.trilhosdorio.com.br\/aftr_wp\/atividades\/todas_atividades\/ntexpo-2017-em-sao-paulo\/\"><span style=\"font-size: 18px;\">NT Expo em S\u00e3o Paulo (8 de novembro)<\/span><\/a><\/li>\n<li><span style=\"font-family: Oswald; font-size: 14pt;\">Theodoro de Oliveira x Val\u00e9rio x Cachoeiras de Macacu (17 de setembro)<br \/>\n<\/span><\/li>\n<li><span style=\"font-family: Oswald; font-size: 14pt;\">Esta\u00e7\u00e3o Bar\u00e3o de Mau\u00e1 (29 de julho)<\/span><\/li>\n<li><span style=\"font-family: Oswald; font-size: 14pt;\">Esta\u00e7\u00e3o Guia de Pacoba\u00edba (24 de julho)<\/span><\/li>\n<li><span style=\"font-family: Oswald; font-size: 14pt;\">Samb\u00e9 x Rio Bonito (21 de abril)<\/span><\/li>\n<li><span style=\"font-family: Oswald; font-size: 14pt;\">Miguel Pereira x Lagoinha AFPF (09 de abril)<\/span><\/li>\n<\/ul>\n<p><strong><span style=\"font-family: Oswald; font-size: 14pt;\">2016<\/span><\/strong><\/p>\n<ul>\n<li><span style=\"font-family: Oswald; font-size: 14pt;\">Esta\u00e7\u00e3o Bar\u00e3o de Mau\u00e1 (27 de dezembro)<\/span><\/li>\n<li><span style=\"font-family: Oswald; font-size: 14pt;\">Soberbo x V\u00e1rzea de Teres\u00f3polis (27 de novembro)<\/span><\/li>\n<li><span style=\"font-family: Oswald; font-size: 14pt;\">Rio Bonito x Tangu\u00e1 (02 de novembro)<\/span><\/li>\n<li><span style=\"font-family: Oswald; font-size: 14pt;\">Arcozelo x Miguel Pereira Para\u00edba do Sul (23 de outubro)<\/span><\/li>\n<\/ul>\n<p><strong><span style=\"font-family: Oswald; font-size: 14pt;\">2015<\/span><\/strong><\/p>\n<ul>\n<li><span style=\"font-family: Oswald; font-size: 14pt;\">Visita \u00e0 esta\u00e7\u00e3o de Cava<\/span><\/li>\n<li><span style=\"font-family: Oswald; font-size: 14pt;\">Vera Cruz x Santa Branca (01 de novembro)<\/span><\/li>\n<li><span style=\"font-family: Oswald; font-size: 14pt;\">Companhia Am\u00e9rica Fabril (06 de setembro)<\/span><\/li>\n<\/ul>\n<p><strong><span style=\"font-family: Oswald; font-size: 14pt;\">2014<\/span><\/strong><\/p>\n<ul>\n<li><span style=\"font-family: Oswald; font-size: 14pt;\">General Dutra x S\u00e3o Gon\u00e7alo (18 de outubro)<\/span><\/li>\n<li><span style=\"font-family: Oswald; font-size: 14pt;\">Alto da Serra x Nogueira (24 de agosto)<\/span><\/li>\n<li><span style=\"font-family: Oswald; font-size: 14pt;\">Visita \u00e0 esta\u00e7\u00e3o (Vila de) Cava (09 de agosto)<\/span><\/li>\n<li><span style=\"font-family: Oswald; font-size: 14pt;\">Mangaratiba x Sahy (22 de junho)<\/span><\/li>\n<li><span style=\"font-family: Oswald; font-size: 14pt;\">Alto da Serra x Raiz da Serra (Vila Inhomirim) (30 de mar\u00e7o)<\/span><\/li>\n<li><a href=\"https:\/\/www.trilhosdorio.com.br\/aftr_wp\/atividades\/todas_atividades\/avelar-x-arcozelo-12-01-2014\/\"><span style=\"font-family: Oswald; font-size: 14pt;\">Avelar x Arcozelo (12 de janeiro)<\/span><\/a><\/li>\n<\/ul>\n<p><strong><span style=\"font-family: Oswald; font-size: 14pt;\">2013<\/span><\/strong><\/p>\n<ul>\n<li><span style=\"font-family: Oswald; font-size: 14pt;\">Miguel Pereira x Arc\u00e1dia (22 de setembro)<\/span><\/li>\n<li><span style=\"font-family: Oswald; font-size: 14pt;\">Guapimirim x Barreira (14 de julho)<\/span><\/li>\n<li><span style=\"font-family: Oswald; font-size: 14pt;\">EF Rio d&#8217;Ouro &#8211; Ramal da Penha (obras do BRT Transcarioca) (30 de maio)<\/span><\/li>\n<li><span style=\"font-family: Oswald; font-size: 14pt;\">EF Sapucahy (S\u00e3o Conrado x Jo\u00e1) (26 de maio)<\/span><\/li>\n<li><span style=\"font-family: Oswald; font-size: 14pt;\">EF Rio d&#8217;Ouro Ramal de Tingu\u00e1 (10 de mar\u00e7o)<\/span><\/li>\n<\/ul>\n<p><strong><span style=\"font-family: Oswald; font-size: 14pt;\">2012<\/span><\/strong><\/p>\n<ul>\n<li><span style=\"font-family: Oswald; font-size: 14pt;\">Maca\u00e9 e VLT (25 de mar\u00e7o)<\/span><\/li>\n<li><span style=\"font-family: Oswald; font-size: 14pt;\">EF Pr\u00edncipe do Gr\u00e3o-Par\u00e1: Alto da Serra x T\u00fanel Quissam\u00e3 x Vila Inhomirim (15 de janeiro)<\/span><\/li>\n<\/ul>\n<p><strong><span style=\"font-family: Oswald; font-size: 14pt;\">2011<\/span><\/strong><\/p>\n<ul>\n<li><span style=\"font-family: Oswald; font-size: 14pt;\">Guia de Pacoba\u00edba x Santa Dalila (27 de novembro)<\/span><\/li>\n<li><span style=\"font-family: Oswald; font-size: 14pt;\">Carapebus (06 de novembro)<\/span><\/li>\n<li><span style=\"font-family: Oswald; font-size: 14pt;\">Carlos Sampaio x Austin x Santa Cruz (11 de setembro)<\/span><\/li>\n<li><a href=\"https:\/\/www.trilhosdorio.com.br\/aftr_wp\/atividades\/todas_atividades\/obras-linha4-28082011\/\"><span style=\"font-size: 14pt;\">Visita \u00e0s obras da Linha 4 do Metr\u00f4 no Jardim Oce\u00e2nico (28 de agosto)<\/span><\/a><\/li>\n<li><span style=\"font-family: Oswald; font-size: 14pt;\">Guia de Pacoba\u00edba x Piabet\u00e1 (01 de maio)<\/span><\/li>\n<li><span style=\"font-family: Oswald; font-size: 14pt;\">Linha do Litoral (17 de abril)<\/span><\/li>\n<li><span style=\"font-family: Oswald; font-size: 14pt;\">Mag\u00e9 x Visconde de Itabora\u00ed (13 de mar\u00e7o)<\/span><\/li>\n<li><span style=\"font-family: Oswald; font-size: 14pt;\">Guia de Pacoba\u00edba x Piabet\u00e1 (21 de fevereiro)<\/span><\/li>\n<li><span style=\"font-family: Oswald; font-size: 14pt;\">Alto da Serra x Raiz da Serra (Vila Inhomirim) (13 de fevereiro)<\/span><\/li>\n<li><span style=\"font-family: Oswald; font-size: 14pt;\">Guia de Pacoba\u00edba x Bongaba (01 de fevereiro)<\/span><\/li>\n<li><span style=\"font-family: Oswald; font-size: 14pt;\">Mag\u00e9 x Guapimirim (15 de janeiro)<\/span><\/li>\n<\/ul>\n<p><strong><span style=\"font-family: Oswald; font-size: 14pt;\">2010<\/span><\/strong><\/p>\n<ul>\n<li><span style=\"font-family: Oswald; font-size: 14pt;\">Saracuruna x Mag\u00e9 (18 de dezembro)<\/span><\/li>\n<li><span style=\"font-family: Oswald; font-size: 14pt;\">Porto das Caixas x Alc\u00e2ntara (11 de dezembro)<\/span><\/li>\n<li><span style=\"font-family: Oswald; font-size: 14pt;\">Campos dos Goytacazes (28 de setembro)<\/span><\/li>\n<li><span style=\"font-family: Oswald; font-size: 14pt;\">Caju x Engenho do Mato\/Tom\u00e1s Coelho (23 de maio)<\/span><\/li>\n<li><span style=\"font-size: 14pt;\">Bar\u00e3o de Mau\u00e1 x Mar\u00edtima x Praia Formosa (03 de abril)<\/span><\/li>\n<li><span style=\"font-family: Oswald; font-size: 14pt;\">EF Mau\u00e1 (20 de janeiro)<\/span><\/li>\n<\/ul>\n<p><strong><span style=\"font-family: Oswald; font-size: 14pt;\">2009<\/span><\/strong><\/p>\n<ul>\n<li><span style=\"font-family: Oswald; font-size: 14pt;\">Ramal de Mangaratiba (11 de setembro)<\/span><\/li>\n<li><span style=\"font-family: Oswald; font-size: 14pt;\">Maria da Gra\u00e7a (02 de agosto)<\/span><\/li>\n<li><span style=\"font-family: Oswald; font-size: 14pt;\">Guapimirim x Barreira<\/span><\/li>\n<li><span style=\"font-family: Oswald; font-size: 14pt;\">EF Rio do Ouro &#8211; Ramal de Jaceruba, Tingu\u00e1 e Xer\u00e9m (31 de maio)<\/span><\/li>\n<li><a href=\"https:\/\/www.trilhosdorio.com.br\/aftr_wp\/atividades\/todas_atividades\/ef-maua-caminhada-solitaria-26-04-2009\/\"><span style=\"font-family: Oswald; font-size: 14pt;\">Caminhada solit\u00e1ria Piabet\u00e1 x Guia de Pacoba\u00edba (26 de abril)<\/span><\/a><\/li>\n<li><span style=\"font-family: Oswald; font-size: 14pt;\">Esta\u00e7\u00e3o Bar\u00e3o de Mau\u00e1 &#8211; Externa (10 de maio)<\/span><\/li>\n<li><span style=\"font-family: Oswald; font-size: 14pt;\">Esta\u00e7\u00e3o Bar\u00e3o de Mau\u00e1 &#8211; Interna (18 de abril)<\/span><\/li>\n<li><a href=\"https:\/\/www.trilhosdorio.com.br\/aftr_wp\/todas_atividades\/da-estacao-barao-de-maua-a-sao-cristovao-05-04-2009\/\"><span style=\"font-size: 14pt;\">Esta\u00e7\u00e3o Bar\u00e3o de Mau\u00e1 e arredores (04 de abril)<\/span><\/a><\/li>\n<li><a href=\"https:\/\/www.trilhosdorio.com.br\/aftr_wp\/visita-tecnica-a-vila-inhomirim-18-01-2009\/\"><span style=\"font-family: Oswald; font-size: 14pt;\">Visita a Vila Inhomirim (18 de janeiro)<\/span><\/a><\/li>\n<\/ul>\n<div class=\"pvc_clear\"><\/div>\n<p id=\"pvc_stats_411\" class=\"pvc_stats total_only  \" data-element-id=\"411\" style=\"\"><i class=\"pvc-stats-icon medium\" aria-hidden=\"true\"><svg aria-hidden=\"true\" focusable=\"false\" data-prefix=\"far\" data-icon=\"chart-bar\" role=\"img\" xmlns=\"http:\/\/www.w3.org\/2000\/svg\" viewBox=\"0 0 512 512\" class=\"svg-inline--fa fa-chart-bar fa-w-16 fa-2x\"><path fill=\"currentColor\" d=\"M396.8 352h22.4c6.4 0 12.8-6.4 12.8-12.8V108.8c0-6.4-6.4-12.8-12.8-12.8h-22.4c-6.4 0-12.8 6.4-12.8 12.8v230.4c0 6.4 6.4 12.8 12.8 12.8zm-192 0h22.4c6.4 0 12.8-6.4 12.8-12.8V140.8c0-6.4-6.4-12.8-12.8-12.8h-22.4c-6.4 0-12.8 6.4-12.8 12.8v198.4c0 6.4 6.4 12.8 12.8 12.8zm96 0h22.4c6.4 0 12.8-6.4 12.8-12.8V204.8c0-6.4-6.4-12.8-12.8-12.8h-22.4c-6.4 0-12.8 6.4-12.8 12.8v134.4c0 6.4 6.4 12.8 12.8 12.8zM496 400H48V80c0-8.84-7.16-16-16-16H16C7.16 64 0 71.16 0 80v336c0 17.67 14.33 32 32 32h464c8.84 0 16-7.16 16-16v-16c0-8.84-7.16-16-16-16zm-387.2-48h22.4c6.4 0 12.8-6.4 12.8-12.8v-70.4c0-6.4-6.4-12.8-12.8-12.8h-22.4c-6.4 0-12.8 6.4-12.8 12.8v70.4c0 6.4 6.4 12.8 12.8 12.8z\" class=\"\"><\/path><\/svg><\/i> <img decoding=\"async\" width=\"16\" height=\"16\" alt=\"Loading\" src=\"https:\/\/www.trilhosdorio.com.br\/aftr_wp\/wp-content\/plugins\/page-views-count\/ajax-loader-2x.gif\" border=0 \/><\/p>\n<div class=\"pvc_clear\"><\/div>\n","protected":false},"excerpt":{"rendered":"<p>Abaixo uma rela\u00e7\u00e3o de todas as atividades externas realizadas pela AFTR desde 2009 at\u00e9 agora, em ordem decrescente de datas: 2022 1\u00aa Expedi\u00e7\u00e3o Allen Morrison de pesquisa sobre Bondes (Santa Teresa &#8211; Alto da Boa Vista) 2021 RMV &#8211; Linha da Barra (19 de abril) 2020 2019 Arc\u00e1dia x Conrado (01 de setembro) Petr\u00f3polis (14 [&hellip;]<\/p>\n<div class=\"pvc_clear\"><\/div>\n<p id=\"pvc_stats_411\" class=\"pvc_stats total_only  \" data-element-id=\"411\" style=\"\"><i class=\"pvc-stats-icon medium\" aria-hidden=\"true\"><svg aria-hidden=\"true\" focusable=\"false\" data-prefix=\"far\" data-icon=\"chart-bar\" role=\"img\" xmlns=\"http:\/\/www.w3.org\/2000\/svg\" viewBox=\"0 0 512 512\" class=\"svg-inline--fa fa-chart-bar fa-w-16 fa-2x\"><path fill=\"currentColor\" d=\"M396.8 352h22.4c6.4 0 12.8-6.4 12.8-12.8V108.8c0-6.4-6.4-12.8-12.8-12.8h-22.4c-6.4 0-12.8 6.4-12.8 12.8v230.4c0 6.4 6.4 12.8 12.8 12.8zm-192 0h22.4c6.4 0 12.8-6.4 12.8-12.8V140.8c0-6.4-6.4-12.8-12.8-12.8h-22.4c-6.4 0-12.8 6.4-12.8 12.8v198.4c0 6.4 6.4 12.8 12.8 12.8zm96 0h22.4c6.4 0 12.8-6.4 12.8-12.8V204.8c0-6.4-6.4-12.8-12.8-12.8h-22.4c-6.4 0-12.8 6.4-12.8 12.8v134.4c0 6.4 6.4 12.8 12.8 12.8zM496 400H48V80c0-8.84-7.16-16-16-16H16C7.16 64 0 71.16 0 80v336c0 17.67 14.33 32 32 32h464c8.84 0 16-7.16 16-16v-16c0-8.84-7.16-16-16-16zm-387.2-48h22.4c6.4 0 12.8-6.4 12.8-12.8v-70.4c0-6.4-6.4-12.8-12.8-12.8h-22.4c-6.4 0-12.8 6.4-12.8 12.8v70.4c0 6.4 6.4 12.8 12.8 12.8z\" class=\"\"><\/path><\/svg><\/i> <img decoding=\"async\" width=\"16\" height=\"16\" alt=\"Loading\" src=\"https:\/\/www.trilhosdorio.com.br\/aftr_wp\/wp-content\/plugins\/page-views-count\/ajax-loader-2x.gif\" border=0 \/><\/p>\n<div class=\"pvc_clear\"><\/div>\n","protected":false},"author":1,"featured_media":413,"parent":150,"menu_order":0,"comment_status":"closed","ping_status":"closed","template":"","meta":{"pmpro_default_level":"","footnotes":""},"class_list":["post-411","page","type-page","status-publish","has-post-thumbnail","hentry","pmpro-has-access"],"yoast_head":"<!-- This site is optimized with the Yoast SEO plugin v23.5 - https:\/\/yoast.com\/wordpress\/plugins\/seo\/ -->\n<title>Todas as atividades AFTR (2009-2023) - Trilhos do Rio<\/title>\n<meta name=\"robots\" content=\"index, follow, max-snippet:-1, max-image-preview:large, max-video-preview:-1\" \/>\n<link rel=\"canonical\" href=\"https:\/\/www.trilhosdorio.com.br\/aftr_wp\/atividades\/todas_atividades\/\" \/>\n<meta property=\"og:locale\" content=\"pt_BR\" \/>\n<meta property=\"og:type\" content=\"article\" \/>\n<meta property=\"og:title\" content=\"Todas as atividades AFTR (2009-2023) - Trilhos do Rio\" \/>\n<meta property=\"og:description\" content=\"Abaixo uma rela\u00e7\u00e3o de todas as atividades externas realizadas pela AFTR desde 2009 at\u00e9 agora, em ordem decrescente de datas: 2022 1\u00aa Expedi\u00e7\u00e3o Allen Morrison de pesquisa sobre Bondes (Santa Teresa &#8211; Alto da Boa Vista) 2021 RMV &#8211; Linha da Barra (19 de abril) 2020 2019 Arc\u00e1dia x Conrado (01 de setembro) Petr\u00f3polis (14 [&hellip;]\" \/>\n<meta property=\"og:url\" content=\"https:\/\/www.trilhosdorio.com.br\/aftr_wp\/atividades\/todas_atividades\/\" \/>\n<meta property=\"og:site_name\" content=\"Trilhos do Rio\" \/>\n<meta property=\"article:publisher\" content=\"https:\/\/www.facebook.com\/trilhosdorio\/\" \/>\n<meta property=\"article:modified_time\" content=\"2023-09-11T00:20:52+00:00\" \/>\n<meta property=\"og:image\" content=\"https:\/\/www.trilhosdorio.com.br\/aftr_wp\/wp-content\/uploads\/2020\/03\/9476202923_bfd7b8063f_o.jpg\" \/>\n\t<meta property=\"og:image:width\" content=\"2048\" \/>\n\t<meta property=\"og:image:height\" content=\"1536\" \/>\n\t<meta property=\"og:image:type\" content=\"image\/jpeg\" \/>\n<meta name=\"twitter:card\" content=\"summary_large_image\" \/>\n<meta name=\"twitter:site\" content=\"@trilhosdorio\" \/>\n<meta name=\"twitter:label1\" content=\"Est. tempo de leitura\" \/>\n\t<meta name=\"twitter:data1\" content=\"4 minutos\" \/>\n<script type=\"application\/ld+json\" class=\"yoast-schema-graph\">{\"@context\":\"https:\/\/schema.org\",\"@graph\":[{\"@type\":\"WebPage\",\"@id\":\"https:\/\/www.trilhosdorio.com.br\/aftr_wp\/atividades\/todas_atividades\/\",\"url\":\"https:\/\/www.trilhosdorio.com.br\/aftr_wp\/atividades\/todas_atividades\/\",\"name\":\"Todas as atividades AFTR (2009-2023) - Trilhos do Rio\",\"isPartOf\":{\"@id\":\"https:\/\/www.trilhosdorio.com.br\/aftr_wp\/#website\"},\"primaryImageOfPage\":{\"@id\":\"https:\/\/www.trilhosdorio.com.br\/aftr_wp\/atividades\/todas_atividades\/#primaryimage\"},\"image\":{\"@id\":\"https:\/\/www.trilhosdorio.com.br\/aftr_wp\/atividades\/todas_atividades\/#primaryimage\"},\"thumbnailUrl\":\"https:\/\/www.trilhosdorio.com.br\/aftr_wp\/wp-content\/uploads\/2020\/03\/9476202923_bfd7b8063f_o.jpg\",\"datePublished\":\"2020-03-26T13:51:11+00:00\",\"dateModified\":\"2023-09-11T00:20:52+00:00\",\"breadcrumb\":{\"@id\":\"https:\/\/www.trilhosdorio.com.br\/aftr_wp\/atividades\/todas_atividades\/#breadcrumb\"},\"inLanguage\":\"pt-BR\",\"potentialAction\":[{\"@type\":\"ReadAction\",\"target\":[\"https:\/\/www.trilhosdorio.com.br\/aftr_wp\/atividades\/todas_atividades\/\"]}]},{\"@type\":\"ImageObject\",\"inLanguage\":\"pt-BR\",\"@id\":\"https:\/\/www.trilhosdorio.com.br\/aftr_wp\/atividades\/todas_atividades\/#primaryimage\",\"url\":\"https:\/\/www.trilhosdorio.com.br\/aftr_wp\/wp-content\/uploads\/2020\/03\/9476202923_bfd7b8063f_o.jpg\",\"contentUrl\":\"https:\/\/www.trilhosdorio.com.br\/aftr_wp\/wp-content\/uploads\/2020\/03\/9476202923_bfd7b8063f_o.jpg\",\"width\":2048,\"height\":1536},{\"@type\":\"BreadcrumbList\",\"@id\":\"https:\/\/www.trilhosdorio.com.br\/aftr_wp\/atividades\/todas_atividades\/#breadcrumb\",\"itemListElement\":[{\"@type\":\"ListItem\",\"position\":1,\"name\":\"In\u00edcio\",\"item\":\"https:\/\/www.trilhosdorio.com.br\/aftr_wp\/\"},{\"@type\":\"ListItem\",\"position\":2,\"name\":\"Atividades\",\"item\":\"https:\/\/www.trilhosdorio.com.br\/aftr_wp\/atividades\/\"},{\"@type\":\"ListItem\",\"position\":3,\"name\":\"Todas as atividades AFTR (2009-2023)\"}]},{\"@type\":\"WebSite\",\"@id\":\"https:\/\/www.trilhosdorio.com.br\/aftr_wp\/#website\",\"url\":\"https:\/\/www.trilhosdorio.com.br\/aftr_wp\/\",\"name\":\"Trilhos do Rio\",\"description\":\"Passado, presente e futuro: tudo na mesma linha!\",\"publisher\":{\"@id\":\"https:\/\/www.trilhosdorio.com.br\/aftr_wp\/#organization\"},\"potentialAction\":[{\"@type\":\"SearchAction\",\"target\":{\"@type\":\"EntryPoint\",\"urlTemplate\":\"https:\/\/www.trilhosdorio.com.br\/aftr_wp\/?s={search_term_string}\"},\"query-input\":{\"@type\":\"PropertyValueSpecification\",\"valueRequired\":true,\"valueName\":\"search_term_string\"}}],\"inLanguage\":\"pt-BR\"},{\"@type\":\"Organization\",\"@id\":\"https:\/\/www.trilhosdorio.com.br\/aftr_wp\/#organization\",\"name\":\"Associa\u00e7\u00e3o Ferrovi\u00e1ria Trilhos do Rio\",\"url\":\"https:\/\/www.trilhosdorio.com.br\/aftr_wp\/\",\"logo\":{\"@type\":\"ImageObject\",\"inLanguage\":\"pt-BR\",\"@id\":\"https:\/\/www.trilhosdorio.com.br\/aftr_wp\/#\/schema\/logo\/image\/\",\"url\":\"https:\/\/www.trilhosdorio.com.br\/aftr_wp\/wp-content\/uploads\/2020\/03\/logo512x512.png\",\"contentUrl\":\"https:\/\/www.trilhosdorio.com.br\/aftr_wp\/wp-content\/uploads\/2020\/03\/logo512x512.png\",\"width\":512,\"height\":512,\"caption\":\"Associa\u00e7\u00e3o Ferrovi\u00e1ria Trilhos do Rio\"},\"image\":{\"@id\":\"https:\/\/www.trilhosdorio.com.br\/aftr_wp\/#\/schema\/logo\/image\/\"},\"sameAs\":[\"https:\/\/www.facebook.com\/trilhosdorio\/\",\"https:\/\/x.com\/trilhosdorio\",\"https:\/\/www.instagram.com\/trilhosdorio\/\",\"https:\/\/www.linkedin.com\/company\/aftr-associa\u00e7\u00e3o-ferrovi\u00e1ria-trilhos-do-rio\/\",\"https:\/\/br.pinterest.com\/aftrilhosdorio\/\",\"https:\/\/www.youtube.com\/user\/trilhosdorio\"]}]}<\/script>\n<!-- \/ Yoast SEO plugin. -->","yoast_head_json":{"title":"Todas as atividades AFTR (2009-2023) - Trilhos do Rio","robots":{"index":"index","follow":"follow","max-snippet":"max-snippet:-1","max-image-preview":"max-image-preview:large","max-video-preview":"max-video-preview:-1"},"canonical":"https:\/\/www.trilhosdorio.com.br\/aftr_wp\/atividades\/todas_atividades\/","og_locale":"pt_BR","og_type":"article","og_title":"Todas as atividades AFTR (2009-2023) - Trilhos do Rio","og_description":"Abaixo uma rela\u00e7\u00e3o de todas as atividades externas realizadas pela AFTR desde 2009 at\u00e9 agora, em ordem decrescente de datas: 2022 1\u00aa Expedi\u00e7\u00e3o Allen Morrison de pesquisa sobre Bondes (Santa Teresa &#8211; Alto da Boa Vista) 2021 RMV &#8211; Linha da Barra (19 de abril) 2020 2019 Arc\u00e1dia x Conrado (01 de setembro) Petr\u00f3polis (14 [&hellip;]","og_url":"https:\/\/www.trilhosdorio.com.br\/aftr_wp\/atividades\/todas_atividades\/","og_site_name":"Trilhos do Rio","article_publisher":"https:\/\/www.facebook.com\/trilhosdorio\/","article_modified_time":"2023-09-11T00:20:52+00:00","og_image":[{"width":2048,"height":1536,"url":"https:\/\/www.trilhosdorio.com.br\/aftr_wp\/wp-content\/uploads\/2020\/03\/9476202923_bfd7b8063f_o.jpg","type":"image\/jpeg"}],"twitter_card":"summary_large_image","twitter_site":"@trilhosdorio","twitter_misc":{"Est. tempo de leitura":"4 minutos"},"schema":{"@context":"https:\/\/schema.org","@graph":[{"@type":"WebPage","@id":"https:\/\/www.trilhosdorio.com.br\/aftr_wp\/atividades\/todas_atividades\/","url":"https:\/\/www.trilhosdorio.com.br\/aftr_wp\/atividades\/todas_atividades\/","name":"Todas as atividades AFTR (2009-2023) - Trilhos do Rio","isPartOf":{"@id":"https:\/\/www.trilhosdorio.com.br\/aftr_wp\/#website"},"primaryImageOfPage":{"@id":"https:\/\/www.trilhosdorio.com.br\/aftr_wp\/atividades\/todas_atividades\/#primaryimage"},"image":{"@id":"https:\/\/www.trilhosdorio.com.br\/aftr_wp\/atividades\/todas_atividades\/#primaryimage"},"thumbnailUrl":"https:\/\/www.trilhosdorio.com.br\/aftr_wp\/wp-content\/uploads\/2020\/03\/9476202923_bfd7b8063f_o.jpg","datePublished":"2020-03-26T13:51:11+00:00","dateModified":"2023-09-11T00:20:52+00:00","breadcrumb":{"@id":"https:\/\/www.trilhosdorio.com.br\/aftr_wp\/atividades\/todas_atividades\/#breadcrumb"},"inLanguage":"pt-BR","potentialAction":[{"@type":"ReadAction","target":["https:\/\/www.trilhosdorio.com.br\/aftr_wp\/atividades\/todas_atividades\/"]}]},{"@type":"ImageObject","inLanguage":"pt-BR","@id":"https:\/\/www.trilhosdorio.com.br\/aftr_wp\/atividades\/todas_atividades\/#primaryimage","url":"https:\/\/www.trilhosdorio.com.br\/aftr_wp\/wp-content\/uploads\/2020\/03\/9476202923_bfd7b8063f_o.jpg","contentUrl":"https:\/\/www.trilhosdorio.com.br\/aftr_wp\/wp-content\/uploads\/2020\/03\/9476202923_bfd7b8063f_o.jpg","width":2048,"height":1536},{"@type":"BreadcrumbList","@id":"https:\/\/www.trilhosdorio.com.br\/aftr_wp\/atividades\/todas_atividades\/#breadcrumb","itemListElement":[{"@type":"ListItem","position":1,"name":"In\u00edcio","item":"https:\/\/www.trilhosdorio.com.br\/aftr_wp\/"},{"@type":"ListItem","position":2,"name":"Atividades","item":"https:\/\/www.trilhosdorio.com.br\/aftr_wp\/atividades\/"},{"@type":"ListItem","position":3,"name":"Todas as atividades AFTR (2009-2023)"}]},{"@type":"WebSite","@id":"https:\/\/www.trilhosdorio.com.br\/aftr_wp\/#website","url":"https:\/\/www.trilhosdorio.com.br\/aftr_wp\/","name":"Trilhos do Rio","description":"Passado, presente e futuro: tudo na mesma linha!","publisher":{"@id":"https:\/\/www.trilhosdorio.com.br\/aftr_wp\/#organization"},"potentialAction":[{"@type":"SearchAction","target":{"@type":"EntryPoint","urlTemplate":"https:\/\/www.trilhosdorio.com.br\/aftr_wp\/?s={search_term_string}"},"query-input":{"@type":"PropertyValueSpecification","valueRequired":true,"valueName":"search_term_string"}}],"inLanguage":"pt-BR"},{"@type":"Organization","@id":"https:\/\/www.trilhosdorio.com.br\/aftr_wp\/#organization","name":"Associa\u00e7\u00e3o Ferrovi\u00e1ria Trilhos do Rio","url":"https:\/\/www.trilhosdorio.com.br\/aftr_wp\/","logo":{"@type":"ImageObject","inLanguage":"pt-BR","@id":"https:\/\/www.trilhosdorio.com.br\/aftr_wp\/#\/schema\/logo\/image\/","url":"https:\/\/www.trilhosdorio.com.br\/aftr_wp\/wp-content\/uploads\/2020\/03\/logo512x512.png","contentUrl":"https:\/\/www.trilhosdorio.com.br\/aftr_wp\/wp-content\/uploads\/2020\/03\/logo512x512.png","width":512,"height":512,"caption":"Associa\u00e7\u00e3o Ferrovi\u00e1ria Trilhos do Rio"},"image":{"@id":"https:\/\/www.trilhosdorio.com.br\/aftr_wp\/#\/schema\/logo\/image\/"},"sameAs":["https:\/\/www.facebook.com\/trilhosdorio\/","https:\/\/x.com\/trilhosdorio","https:\/\/www.instagram.com\/trilhosdorio\/","https:\/\/www.linkedin.com\/company\/aftr-associa\u00e7\u00e3o-ferrovi\u00e1ria-trilhos-do-rio\/","https:\/\/br.pinterest.com\/aftrilhosdorio\/","https:\/\/www.youtube.com\/user\/trilhosdorio"]}]}},"_links":{"self":[{"href":"https:\/\/www.trilhosdorio.com.br\/aftr_wp\/wp-json\/wp\/v2\/pages\/411","targetHints":{"allow":["GET"]}}],"collection":[{"href":"https:\/\/www.trilhosdorio.com.br\/aftr_wp\/wp-json\/wp\/v2\/pages"}],"about":[{"href":"https:\/\/www.trilhosdorio.com.br\/aftr_wp\/wp-json\/wp\/v2\/types\/page"}],"author":[{"embeddable":true,"href":"https:\/\/www.trilhosdorio.com.br\/aftr_wp\/wp-json\/wp\/v2\/users\/1"}],"replies":[{"embeddable":true,"href":"https:\/\/www.trilhosdorio.com.br\/aftr_wp\/wp-json\/wp\/v2\/comments?post=411"}],"version-history":[{"count":9,"href":"https:\/\/www.trilhosdorio.com.br\/aftr_wp\/wp-json\/wp\/v2\/pages\/411\/revisions"}],"predecessor-version":[{"id":10477,"href":"https:\/\/www.trilhosdorio.com.br\/aftr_wp\/wp-json\/wp\/v2\/pages\/411\/revisions\/10477"}],"up":[{"embeddable":true,"href":"https:\/\/www.trilhosdorio.com.br\/aftr_wp\/wp-json\/wp\/v2\/pages\/150"}],"wp:featuredmedia":[{"embeddable":true,"href":"https:\/\/www.trilhosdorio.com.br\/aftr_wp\/wp-json\/wp\/v2\/media\/413"}],"wp:attachment":[{"href":"https:\/\/www.trilhosdorio.com.br\/aftr_wp\/wp-json\/wp\/v2\/media?parent=411"}],"curies":[{"name":"wp","href":"https:\/\/api.w.org\/{rel}","templated":true}]}}